{"id":4992,"date":"2022-01-03T19:42:56","date_gmt":"2022-01-03T19:42:56","guid":{"rendered":"https:\/\/ecologicalfarming.ma\/?post_type=product&#038;p=4992"},"modified":"2022-01-06T22:52:31","modified_gmt":"2022-01-06T22:52:31","slug":"2-51-poids-100gr-savon-glycerine-au-miel-et-safran","status":"publish","type":"product","link":"https:\/\/ecologicalfarming.ma\/?product=2-51-poids-100gr-savon-glycerine-au-miel-et-safran","title":{"rendered":"<span style=\"color: #470796;\"><p>SAVON NATUREL 6<\/p><\/span> <span style=\"color: #ff00a6;\"><p>P\u00c9TALES ET HUILE DE ROSE<\/span><\/p> <span style=\"color: #944a4f;\">Poids : 100Gr<\/span>"},"content":{"rendered":"<p><span style=\"color: #470796;\">SAVON NATUREL 6 :<\/span> <span style=\"color: #fb068b;\">P\u00c9TALES DE FLEUR DE ROSE ET HUILE DE ROSE<\/span><\/p>\n<p>\u2666 LAVANDE BIO<br \/>\n\u2666 HUILE DE LAVANDE BIO<br \/>\n\u2666 FLEURS DE LAVANDE BIO<br \/>\n\u2666 GLYC\u00c9RINE NATURELLE<\/p>\n<ul>\n<li style=\"list-style-type: none;\">\n<ul>\n<li style=\"list-style-type: none;\">\n<ul>\n<li>SANS PARAFFINES<\/li>\n<li>SANS PARAB\u00c8NES<\/li>\n<li>SANS SILICATES<\/li>\n<\/ul>\n<\/li>\n<\/ul>\n<\/li>\n<\/ul>\n<p>Notre <span style=\"color: #470796;\">SAVON NATUREL 6<\/span>\u00a0\u00e0 base <span style=\"color: #fb068b;\">p\u00e9tales de feur de rose, huile de de fleur de rose BIO et glyc\u00e9rine naturelle <\/span>est fra\u00eechement produit sur commande sans paraffines, sans parab\u00e8nes, sans silicates et sans aditifs ni conservateurs.<br \/>\nCe savon recommand\u00e9 pour tous les types de peau et surtout les peaux s\u00e9ch\u00e9es est nourrissant, hydratant et doux.<br \/>\nVous profitez aussi d\u2019une excellente pr\u00e9vention naturelle du vieillissement de votre peau, des bienfaits pour les peaux \u00e0 tendance acn\u00e9ique et des propri\u00e9t\u00e9s antiseptiques de la lavande, l\u2019une des plantes m\u00e9dicinales les plus pris\u00e9es.<\/p>\n","protected":false},"excerpt":{"rendered":"<p>Savon Hydratant, purifiant, antibact\u00e9rien, d\u00e9sinfectant et r\u00e9put\u00e9 pour apaiser .<\/p>\n<p>Ce savon nettoyant assure des soins encore plus doux pour la peau.<\/p>\n","protected":false},"featured_media":11003,"template":"","meta":[],"product_cat":[40,490,555],"product_tag":[],"_links":{"self":[{"href":"https:\/\/ecologicalfarming.ma\/index.php?rest_route=\/wp\/v2\/product\/4992"}],"collection":[{"href":"https:\/\/ecologicalfarming.ma\/index.php?rest_route=\/wp\/v2\/product"}],"about":[{"href":"https:\/\/ecologicalfarming.ma\/index.php?rest_route=\/wp\/v2\/types\/product"}],"wp:featuredmedia":[{"embeddable":true,"href":"https:\/\/ecologicalfarming.ma\/index.php?rest_route=\/wp\/v2\/media\/11003"}],"wp:attachment":[{"href":"https:\/\/ecologicalfarming.ma\/index.php?rest_route=%2Fwp%2Fv2%2Fmedia&parent=4992"}],"wp:term":[{"taxonomy":"product_cat","embeddable":true,"href":"https:\/\/ecologicalfarming.ma\/index.php?rest_route=%2Fwp%2Fv2%2Fproduct_cat&post=4992"},{"taxonomy":"product_tag","embeddable":true,"href":"https:\/\/ecologicalfarming.ma\/index.php?rest_route=%2Fwp%2Fv2%2Fproduct_tag&post=4992"}],"curies":[{"name":"wp","href":"https:\/\/api.w.org\/{rel}","templated":true}]}}