{"id":4946,"date":"2020-11-04T18:57:31","date_gmt":"2020-11-04T18:57:31","guid":{"rendered":"https:\/\/ecologicalfarming.ma\/?post_type=product&#038;p=4946"},"modified":"2021-10-04T19:25:09","modified_gmt":"2021-10-04T19:25:09","slug":"15f1-poids-120gr-muesli","status":"publish","type":"product","link":"https:\/\/ecologicalfarming.ma\/?product=15f1-poids-120gr-muesli","title":{"rendered":"\u00a0 \u00a0 <\/span> <br><span style=\"color: #ee393c;\">\u2666 CARB MUESLI<\/span><br><br><span style=\"color: #944a4f;\">\u2666 Poids : 120Gr<\/span>"},"content":{"rendered":"<p><strong><span style=\"color: #944a4f;\">\u00a0\u2022\u00a0 \u00a0<\/span><\/strong><span style=\"color: #944a4f;\">LOW-CARB MUESLI :\u00a0 <\/span><span style=\"color: #fa5558;\">FRUITS SECS, GRAINS ET GRAINES<\/span><\/p>\n<ul>\n<li>SANS SUCRE<\/li>\n<li>SANS ADDITIFS<\/li>\n<li>SANS CONSERVATEURS<\/li>\n<\/ul>\n<p>Notre <span style=\"color: #944a4f;\">LOW-CARB MUESLI <\/span>est une cr\u00e9ation sans sucre \u00e0 base de fruits secs, grains et graines de qualit\u00e9 BIO et avec une saveur pure et naturelle.<br \/>\nConfectionnez avec notre LOW-CARB MUESLI un petit-d\u00e9jeuner sain, d\u00e9licieux et vari\u00e9 parfaitement \u00e0 votre go\u00fbt. Pr\u00e9f\u00e9rez les fruits frais \u00e0 basse teneur en sucre comme l\u2019abricot, l\u2019avocat ou les fruits \u00e0 baie (M\u00fbres, framboises, groseilles rouges et blanches etc.). Notre<\/p>\n<p><span style=\"color: #fa5558;\">Notre conseil :<\/span> compl\u00e9tez votre Muesli avec des produits laitiers et affiner son go\u00fbt avec la cannelle, la vanille ou votre condiment pr\u00e9f\u00e9r\u00e9.<\/p>\n<p>&nbsp;<\/p>\n","protected":false},"excerpt":{"rendered":"<p>\u00a0\u2022\u00a0 \u00a0LOW-CARB MUESLI :\u00a0 FRUITS SECS, GRAINS ET GRAINES SANS SUCRE SANS ADDITIFS SANS CONSERVATEURS Notre LOW-CARB MUESLI est une cr\u00e9ation sans sucre \u00e0 base de fruits secs, grains et graines de qualit\u00e9 BIO et avec une saveur pure et naturelle. Confectionnez avec notre LOW-CARB MUESLI un petit-d\u00e9jeuner sain, d\u00e9licieux et vari\u00e9 parfaitement \u00e0 votre [&hellip;]<\/p>\n","protected":false},"featured_media":6769,"template":"","meta":[],"product_cat":[55,588,589],"product_tag":[],"_links":{"self":[{"href":"https:\/\/ecologicalfarming.ma\/index.php?rest_route=\/wp\/v2\/product\/4946"}],"collection":[{"href":"https:\/\/ecologicalfarming.ma\/index.php?rest_route=\/wp\/v2\/product"}],"about":[{"href":"https:\/\/ecologicalfarming.ma\/index.php?rest_route=\/wp\/v2\/types\/product"}],"wp:featuredmedia":[{"embeddable":true,"href":"https:\/\/ecologicalfarming.ma\/index.php?rest_route=\/wp\/v2\/media\/6769"}],"wp:attachment":[{"href":"https:\/\/ecologicalfarming.ma\/index.php?rest_route=%2Fwp%2Fv2%2Fmedia&parent=4946"}],"wp:term":[{"taxonomy":"product_cat","embeddable":true,"href":"https:\/\/ecologicalfarming.ma\/index.php?rest_route=%2Fwp%2Fv2%2Fproduct_cat&post=4946"},{"taxonomy":"product_tag","embeddable":true,"href":"https:\/\/ecologicalfarming.ma\/index.php?rest_route=%2Fwp%2Fv2%2Fproduct_tag&post=4946"}],"curies":[{"name":"wp","href":"https:\/\/api.w.org\/{rel}","templated":true}]}}