{"id":4939,"date":"2020-11-04T18:56:57","date_gmt":"2020-11-04T18:56:57","guid":{"rendered":"https:\/\/ecologicalfarming.ma\/?post_type=product&#038;p=4939"},"modified":"2021-07-24T23:33:25","modified_gmt":"2021-07-24T23:33:25","slug":"15e1-graines-germees-en-poudre","status":"publish","type":"product","link":"https:\/\/ecologicalfarming.ma\/?product=15e1-graines-germees-en-poudre","title":{"rendered":"<\/span> <br><span style=\"color: #ee393c;\">\u2666 GRAINES GERM\u00c9ES EN POUDRE<\/span><br><br><span style=\"color: #944a4f;\">\u2666 Poids : 120Gr<\/span>"},"content":{"rendered":"<p><span style=\"color: #fa5558;\"><span style=\"color: #944a4f;\">\u2022\u00a0 GRAINES GERM\u00c9ES EN POUDRE :<\/span> COMPL\u00c9MENT ALIMENTAIRE RICHE EN MICRONUTRIMENTS<\/span><\/p>\n<ul>\n<li>SANS SUCRE<\/li>\n<li>SANS LACTOSE<\/li>\n<li>SANS GLUTEN<\/li>\n<li>SANS ADDITIFS<\/li>\n<li>SANS CONSERVATEURS<\/li>\n<\/ul>\n<p>Nos <span style=\"color: #fa5558;\"><span style=\"color: #944a4f;\">GRAINES GERM\u00c9ES EN POUDRE<\/span><\/span> \u00a0sont une cr\u00e9ation \u00e0 base de nos graines purement naturels et de qualit\u00e9 BIO.<br \/>\nSavourez alors cette recette d\u00e9licieuse et tr\u00e8s saine constituant un excellent suppl\u00e9ment naturel \u00e0 la nourriture quotidienne.<br \/>\nNous vous recommandons de les ajouter \u00e0 vos pr\u00e9parations chaudes (l\u00e9gumes, omelettes, p\u00e2t\u00e9s v\u00e9g\u00e9taux, soupes etc.) le plus tard possible pour pr\u00e9server un maximum de leurs nutriments.<\/p>\n<p><span style=\"color: #fa5558;\"><strong>Attention:<\/strong><\/span> Ne faites pas cuire ce produit; il perdra l\u2019ensemble de ses bienfaits!<\/p>\n<p>&nbsp;<\/p>\n<p>&nbsp;<\/p>\n","protected":false},"excerpt":{"rendered":"<p>\u2022\u00a0 GRAINES GERM\u00c9ES EN POUDRE : COMPL\u00c9MENT ALIMENTAIRE RICHE EN MICRONUTRIMENTS SANS SUCRE SANS LACTOSE SANS GLUTEN SANS ADDITIFS SANS CONSERVATEURS Nos GRAINES GERM\u00c9ES EN POUDRE \u00a0sont une cr\u00e9ation \u00e0 base de nos graines purement naturels et de qualit\u00e9 BIO. Savourez alors cette recette d\u00e9licieuse et tr\u00e8s saine constituant un excellent suppl\u00e9ment naturel \u00e0 la [&hellip;]<\/p>\n","protected":false},"featured_media":6776,"template":"","meta":[],"product_cat":[55,588],"product_tag":[],"_links":{"self":[{"href":"https:\/\/ecologicalfarming.ma\/index.php?rest_route=\/wp\/v2\/product\/4939"}],"collection":[{"href":"https:\/\/ecologicalfarming.ma\/index.php?rest_route=\/wp\/v2\/product"}],"about":[{"href":"https:\/\/ecologicalfarming.ma\/index.php?rest_route=\/wp\/v2\/types\/product"}],"wp:featuredmedia":[{"embeddable":true,"href":"https:\/\/ecologicalfarming.ma\/index.php?rest_route=\/wp\/v2\/media\/6776"}],"wp:attachment":[{"href":"https:\/\/ecologicalfarming.ma\/index.php?rest_route=%2Fwp%2Fv2%2Fmedia&parent=4939"}],"wp:term":[{"taxonomy":"product_cat","embeddable":true,"href":"https:\/\/ecologicalfarming.ma\/index.php?rest_route=%2Fwp%2Fv2%2Fproduct_cat&post=4939"},{"taxonomy":"product_tag","embeddable":true,"href":"https:\/\/ecologicalfarming.ma\/index.php?rest_route=%2Fwp%2Fv2%2Fproduct_tag&post=4939"}],"curies":[{"name":"wp","href":"https:\/\/api.w.org\/{rel}","templated":true}]}}