{"id":4869,"date":"2020-11-03T08:32:32","date_gmt":"2020-11-03T08:32:32","guid":{"rendered":"https:\/\/ecologicalfarming.ma\/?post_type=product&#038;p=4869"},"modified":"2021-07-24T22:32:43","modified_gmt":"2021-07-24T22:32:43","slug":"250-amlou-huile-dolive-miel-bio-cacahuete","status":"publish","type":"product","link":"https:\/\/ecologicalfarming.ma\/?product=250-amlou-huile-dolive-miel-bio-cacahuete","title":{"rendered":"<span style=\"color: #944a4f;\"> <p>AMLOU 9<\/p><\/span> <span style=\"color: #f4625f;\"><p>Huile d\u2019olive, miel BIO et cacahu\u00e8te<\/span><\/p> <span style=\"color: #944a4f;\">Poids : 250Gr<\/span>"},"content":{"rendered":"<p><span style=\"color: #944a4f;\">AMLOU 10 <\/span>: <span style=\"color: #ee393c;\">HUILE D\u2019OLIVE, MIEL BIO ET CACAHU\u00c8TE<\/span><\/p>\n<ul>\n<li>SANS SUCRE<\/li>\n<li>SANS ADDITIFS<\/li>\n<li>SANS CONSERVATEURS<\/li>\n<\/ul>\n<p>Notre <span style=\"color: #944a4f;\">AMLOU 10<\/span>\u00a0est une cr\u00e9ation \u00e0 base <span style=\"color: #944a4f;\">d\u2019huile d\u2019olive, miel BIO et cacahu\u00e8te<\/span>\u00a0avec une saveur pure et naturelle.<br \/>\nCe produit reconnu pour ses propri\u00e9t\u00e9s fortifiantes est id\u00e9al pour le petit d\u00e9jeuner ainsi que le casse-cro\u00fbte \u00e0 tout moment de la journ\u00e9e.<br \/>\nAvant de le d\u00e9guster, il est pr\u00e9f\u00e9rable de le remuer jusqu\u2019\u00e0 l\u2019obtention d\u2019un m\u00e9lange homog\u00e8ne.<\/p>\n<p>&nbsp;<\/p>\n","protected":false},"excerpt":{"rendered":"<p>Amlou : Tartine au Cacahu\u00e8te, Huile d\u2019Olive et Miel BIO<\/p>\n<p>Savourez ce produit de qualit\u00e9 BIO, un recette marocaine traditionnelle et 100% naturelle \u00e0 base d\u2019huile d\u2019argan, de miel et au s\u00e9same pil\u00e9s. Reconnu pour ses propri\u00e9t\u00e9s fortifiantes, Amlou est id\u00e9al pour le petit d\u00e9jeuner ainsi que le casse-cro\u00fbte \u00e0 tout moment de la journ\u00e9e. Avant de le d\u00e9guster, il est pr\u00e9f\u00e9rable de le remuer jusqu\u2019\u00e0 l\u2019obtention d\u2019un m\u00e9lange homog\u00e8ne.<\/p>\n","protected":false},"featured_media":4863,"template":"","meta":[],"product_cat":[489],"product_tag":[],"_links":{"self":[{"href":"https:\/\/ecologicalfarming.ma\/index.php?rest_route=\/wp\/v2\/product\/4869"}],"collection":[{"href":"https:\/\/ecologicalfarming.ma\/index.php?rest_route=\/wp\/v2\/product"}],"about":[{"href":"https:\/\/ecologicalfarming.ma\/index.php?rest_route=\/wp\/v2\/types\/product"}],"wp:featuredmedia":[{"embeddable":true,"href":"https:\/\/ecologicalfarming.ma\/index.php?rest_route=\/wp\/v2\/media\/4863"}],"wp:attachment":[{"href":"https:\/\/ecologicalfarming.ma\/index.php?rest_route=%2Fwp%2Fv2%2Fmedia&parent=4869"}],"wp:term":[{"taxonomy":"product_cat","embeddable":true,"href":"https:\/\/ecologicalfarming.ma\/index.php?rest_route=%2Fwp%2Fv2%2Fproduct_cat&post=4869"},{"taxonomy":"product_tag","embeddable":true,"href":"https:\/\/ecologicalfarming.ma\/index.php?rest_route=%2Fwp%2Fv2%2Fproduct_tag&post=4869"}],"curies":[{"name":"wp","href":"https:\/\/api.w.org\/{rel}","templated":true}]}}