{"id":4862,"date":"2020-11-03T08:27:15","date_gmt":"2020-11-03T08:27:15","guid":{"rendered":"https:\/\/ecologicalfarming.ma\/?post_type=product&#038;p=4862"},"modified":"2021-07-24T22:33:53","modified_gmt":"2021-07-24T22:33:53","slug":"17a5-amlou-huile-argan-miel-bio-cacahuetes","status":"publish","type":"product","link":"https:\/\/ecologicalfarming.ma\/?product=17a5-amlou-huile-argan-miel-bio-cacahuetes","title":{"rendered":"<span style=\"color: #944a4f;\"> <p>AMLOU 5<\/p><\/span> <span style=\"color: #f4625f;\"><p>Huile d\u2019argan, miel BIO et cacahu\u00e8tes<\/span><\/p> <span style=\"color: #944a4f;\">Poids : 250Gr<\/span>"},"content":{"rendered":"<p><span style=\"color: #944a4f;\">AMLOU 5<\/span>\u00a0: <span style=\"color: #ee393c;\">HUILE D\u2019ARGAN, MIEL BIO ET CACAHU\u00c8TE<\/span><\/p>\n<ul>\n<li>SANS SUCRE<\/li>\n<li>SANS ADDITIFS<\/li>\n<li>SANS CONSERVATEURS<\/li>\n<\/ul>\n<p>Notre <span style=\"color: #944a4f;\">AMLOU 5<\/span>\u00a0est une cr\u00e9ation \u00e0 base <span style=\"color: #944a4f;\">d\u2019huile d\u2019argan, miel BIO et cacahu\u00e8tes<\/span>\u00a0avec une saveur pure et naturelle.<br \/>\nCe produit reconnu pour ses propri\u00e9t\u00e9s fortifiantes est id\u00e9al pour le petit d\u00e9jeuner ainsi que le casse-cro\u00fbte \u00e0 tout moment de la journ\u00e9e.<br \/>\nAvant de le d\u00e9guster, il est pr\u00e9f\u00e9rable de le remuer jusqu\u2019\u00e0 l\u2019obtention d\u2019un m\u00e9lange homog\u00e8ne.<\/p>\n<p>&nbsp;<\/p>\n","protected":false},"excerpt":{"rendered":"<p>Amlou : Tartine au Cacahu\u00e8te, Huile d\u2019Olive et Miel BIO<\/p>\n<p>&nbsp;<\/p>\n","protected":false},"featured_media":6849,"template":"","meta":[],"product_cat":[489,368],"product_tag":[],"_links":{"self":[{"href":"https:\/\/ecologicalfarming.ma\/index.php?rest_route=\/wp\/v2\/product\/4862"}],"collection":[{"href":"https:\/\/ecologicalfarming.ma\/index.php?rest_route=\/wp\/v2\/product"}],"about":[{"href":"https:\/\/ecologicalfarming.ma\/index.php?rest_route=\/wp\/v2\/types\/product"}],"wp:featuredmedia":[{"embeddable":true,"href":"https:\/\/ecologicalfarming.ma\/index.php?rest_route=\/wp\/v2\/media\/6849"}],"wp:attachment":[{"href":"https:\/\/ecologicalfarming.ma\/index.php?rest_route=%2Fwp%2Fv2%2Fmedia&parent=4862"}],"wp:term":[{"taxonomy":"product_cat","embeddable":true,"href":"https:\/\/ecologicalfarming.ma\/index.php?rest_route=%2Fwp%2Fv2%2Fproduct_cat&post=4862"},{"taxonomy":"product_tag","embeddable":true,"href":"https:\/\/ecologicalfarming.ma\/index.php?rest_route=%2Fwp%2Fv2%2Fproduct_tag&post=4862"}],"curies":[{"name":"wp","href":"https:\/\/api.w.org\/{rel}","templated":true}]}}