{"id":4787,"date":"2020-10-30T22:58:20","date_gmt":"2020-10-30T22:58:20","guid":{"rendered":"https:\/\/ecologicalfarming.ma\/?post_type=product&#038;p=4787"},"modified":"2025-08-29T16:27:15","modified_gmt":"2025-08-29T16:27:15","slug":"60ml-huile-de-ble-germe","status":"publish","type":"product","link":"https:\/\/ecologicalfarming.ma\/?product=60ml-huile-de-ble-germe","title":{"rendered":"<br><\/span><\/p><span style=\"color: #ff00a6;\"><p>HUILE DE BL\u00c9 GERM\u00c9 BIO <\/span><\/p> <span style=\"color: #944a4f;\">Volume : 60ml<\/span<\/span>"},"content":{"rendered":"<p><span style=\"color: #470796;\">HUILE COSM\u00c9TIQUE 6 : <\/span><span style=\"color: #fb068b;\">HUILE DE BL\u00c9 GERM\u00c9 BIO<\/span><\/p>\n<p>\u2666 100% HUILE DE BL\u00c9 GERM\u00c9 BIO<br \/>\n\u2666 VISAGE-CORPS-CHEVEUX<br \/>\n\u2666 SANS ADDITIFS<br \/>\n\u2666 SANS CONSERVATEURS<\/p>\n<p>Notre <span style=\"color: #470796;\">HUILE BL\u00c9 GERM\u00c9 BIO<\/span> est une huile cosm\u00e9tique 100% faite maison et fra\u00eechement pr\u00e9par\u00e9e sur commande \u00e0 base de <span style=\"color: #fb068b;\">de bl\u00e9 de culture biologique <span style=\"color: #333333;\">de tr\u00e8s bonne qualit\u00e9.\u00a0\u00a0<\/span><\/span><br \/>\nCe produit purement naturel nourrit, purifie, soigne et r\u00e9g\u00e9n\u00e8re vos cheveux et votre peau s\u00e9ch\u00e9e et d\u00e9shydrat\u00e9e et est, en plus, tr\u00e8s recommandable pour un traitement Anti-Aging naturel.<\/p>\n","protected":false},"excerpt":{"rendered":"<p>HUILE COSM\u00c9TIQUE 6 : HUILE DE BL\u00c9 GERM\u00c9 BIO \u2666 100% HUILE DE BL\u00c9 GERM\u00c9 BIO \u2666 VISAGE-CORPS-CHEVEUX \u2666 SANS ADDITIFS \u2666 SANS CONSERVATEURS Notre HUILE BL\u00c9 GERM\u00c9 BIO est une huile cosm\u00e9tique 100% faite maison et fra\u00eechement pr\u00e9par\u00e9e sur commande \u00e0 base de de bl\u00e9 de culture biologique de tr\u00e8s bonne qualit\u00e9.\u00a0\u00a0 Ce produit [&hellip;]<\/p>\n","protected":false},"featured_media":7336,"template":"","meta":[],"product_cat":[552,553,469,468,464,466,462,710],"product_tag":[],"_links":{"self":[{"href":"https:\/\/ecologicalfarming.ma\/index.php?rest_route=\/wp\/v2\/product\/4787"}],"collection":[{"href":"https:\/\/ecologicalfarming.ma\/index.php?rest_route=\/wp\/v2\/product"}],"about":[{"href":"https:\/\/ecologicalfarming.ma\/index.php?rest_route=\/wp\/v2\/types\/product"}],"wp:featuredmedia":[{"embeddable":true,"href":"https:\/\/ecologicalfarming.ma\/index.php?rest_route=\/wp\/v2\/media\/7336"}],"wp:attachment":[{"href":"https:\/\/ecologicalfarming.ma\/index.php?rest_route=%2Fwp%2Fv2%2Fmedia&parent=4787"}],"wp:term":[{"taxonomy":"product_cat","embeddable":true,"href":"https:\/\/ecologicalfarming.ma\/index.php?rest_route=%2Fwp%2Fv2%2Fproduct_cat&post=4787"},{"taxonomy":"product_tag","embeddable":true,"href":"https:\/\/ecologicalfarming.ma\/index.php?rest_route=%2Fwp%2Fv2%2Fproduct_tag&post=4787"}],"curies":[{"name":"wp","href":"https:\/\/api.w.org\/{rel}","templated":true}]}}