{"id":4786,"date":"2020-10-30T22:54:25","date_gmt":"2020-10-30T22:54:25","guid":{"rendered":"https:\/\/ecologicalfarming.ma\/?post_type=product&#038;p=4786"},"modified":"2021-08-13T20:59:18","modified_gmt":"2021-08-13T20:59:18","slug":"35ml-huile-de-ricin-2","status":"publish","type":"product","link":"https:\/\/ecologicalfarming.ma\/?product=35ml-huile-de-ricin-2","title":{"rendered":"<br><span style=\"color: #4e07a6;\"><p>HUILE COSM\u00c9TIQUE 9<\/span><\/p><span style=\"color: #ff00a6;\"><p>HUILE D&#8217;AIL BIO<\/span><\/p> <span style=\"color: #944a4f;\">Volume : 35ml<\/span>"},"content":{"rendered":"<p><span style=\"color: #470796;\">HUILE COSM\u00c9TIQUE 9 : <\/span><span style=\"color: #fb068b;\">HUILE D&#8217;AIL BIO<\/span><\/p>\n<p>\u2666 100% HUILE D&#8217;AIL BIO<br \/>\n\u2666 CHEVEUX<br \/>\n\u2666 SANS ADDITIFS<br \/>\n\u2666 SANS CONSERVATEURS<\/p>\n<p>Notre <span style=\"color: #470796;\">HUILE D&#8217;AIL BIO<\/span> est une huile cosm\u00e9tique 100% faite maison et fra\u00eechement pr\u00e9par\u00e9e sur commande \u00e0 base de <span style=\"color: #fb068b;\">d&#8217;ail de culture biologique <span style=\"color: #333333;\">de tr\u00e8s bonne qualit\u00e9.\u00a0\u00a0<\/span><\/span><br \/>\nCe produit purement naturel est tr\u00e8s recommand\u00e9 pour un soin sain et durable contre la s\u00e9cheresse capillaire et pour une brillance naturelle de vos cheveux et, en plus, contribue aussi \u00e0 la r\u00e9g\u00e9n\u00e9ration des racines de vos cheveux ainsi qu\u00b4\u00e0 la lutte contre la chute des cheveux.<\/p>\n","protected":false},"excerpt":{"rendered":"<p>HUILE COSM\u00c9TIQUE 9 : HUILE D&#8217;AIL BIO \u2666 100% HUILE D&#8217;AIL BIO \u2666 CHEVEUX \u2666 SANS ADDITIFS \u2666 SANS CONSERVATEURS Notre HUILE D&#8217;AIL BIO est une huile cosm\u00e9tique 100% faite maison et fra\u00eechement pr\u00e9par\u00e9e sur commande \u00e0 base de d&#8217;ail de culture biologique de tr\u00e8s bonne qualit\u00e9.\u00a0\u00a0 Ce produit purement naturel est tr\u00e8s recommand\u00e9 pour [&hellip;]<\/p>\n","protected":false},"featured_media":7333,"template":"","meta":[],"product_cat":[40,553,468,464,466],"product_tag":[],"_links":{"self":[{"href":"https:\/\/ecologicalfarming.ma\/index.php?rest_route=\/wp\/v2\/product\/4786"}],"collection":[{"href":"https:\/\/ecologicalfarming.ma\/index.php?rest_route=\/wp\/v2\/product"}],"about":[{"href":"https:\/\/ecologicalfarming.ma\/index.php?rest_route=\/wp\/v2\/types\/product"}],"wp:featuredmedia":[{"embeddable":true,"href":"https:\/\/ecologicalfarming.ma\/index.php?rest_route=\/wp\/v2\/media\/7333"}],"wp:attachment":[{"href":"https:\/\/ecologicalfarming.ma\/index.php?rest_route=%2Fwp%2Fv2%2Fmedia&parent=4786"}],"wp:term":[{"taxonomy":"product_cat","embeddable":true,"href":"https:\/\/ecologicalfarming.ma\/index.php?rest_route=%2Fwp%2Fv2%2Fproduct_cat&post=4786"},{"taxonomy":"product_tag","embeddable":true,"href":"https:\/\/ecologicalfarming.ma\/index.php?rest_route=%2Fwp%2Fv2%2Fproduct_tag&post=4786"}],"curies":[{"name":"wp","href":"https:\/\/api.w.org\/{rel}","templated":true}]}}