{"id":4703,"date":"2020-10-30T14:22:28","date_gmt":"2020-10-30T14:22:28","guid":{"rendered":"https:\/\/ecologicalfarming.ma\/?post_type=product&#038;p=4703"},"modified":"2024-10-07T13:23:00","modified_gmt":"2024-10-07T13:23:00","slug":"18b1-poids-50gr-ras-el-hanout-couscous","status":"publish","type":"product","link":"https:\/\/ecologicalfarming.ma\/?product=18b1-poids-50gr-ras-el-hanout-couscous","title":{"rendered":"<br><span style=\"color: #fa5558;\">\u2022 RAS EL HANOUT POISSON<br><br><\/span><span style=\"color: #8a6265;\">\u2022 Poids : 50Gr<\/span>"},"content":{"rendered":"<p><span style=\"color: #fa5558;\">\u2022 RAS EL HANOUT <span style=\"color: #8a6265;\">COUSCOUS<\/span><\/span><\/p>\n<ul>\n<li>SANS SEL<\/li>\n<li>SANS SUCRE<\/li>\n<li>SANS COLORANTS<\/li>\n<li>SANS ADDITIFS<\/li>\n<li>SANS CONSERVATEURS<\/li>\n<\/ul>\n<p>Notre <span style=\"color: #fa5558;\"><span style=\"color: #8a6265;\">RAS EL HANOUT COUSCOUS <\/span><\/span>est produit \u00e0 partir de nos \u00e9pices Marocaines de culture biologique, cueillies et tri\u00e9es \u00e0 la main, s\u00e9ch\u00e9es au soleil et fra\u00eechement moulues \u00e0 froid sur commande.<br \/>\nCe produit 100% pur et naturel est id\u00e9al pour pr\u00e9parer chez-vous des plats de poissons avec des aromes formidables.<\/p>\n","protected":false},"excerpt":{"rendered":"<p>&nbsp;<\/p>\n<p>&nbsp;<\/p>\n","protected":false},"featured_media":12835,"template":"","meta":[],"product_cat":[600,602],"product_tag":[],"_links":{"self":[{"href":"https:\/\/ecologicalfarming.ma\/index.php?rest_route=\/wp\/v2\/product\/4703"}],"collection":[{"href":"https:\/\/ecologicalfarming.ma\/index.php?rest_route=\/wp\/v2\/product"}],"about":[{"href":"https:\/\/ecologicalfarming.ma\/index.php?rest_route=\/wp\/v2\/types\/product"}],"wp:featuredmedia":[{"embeddable":true,"href":"https:\/\/ecologicalfarming.ma\/index.php?rest_route=\/wp\/v2\/media\/12835"}],"wp:attachment":[{"href":"https:\/\/ecologicalfarming.ma\/index.php?rest_route=%2Fwp%2Fv2%2Fmedia&parent=4703"}],"wp:term":[{"taxonomy":"product_cat","embeddable":true,"href":"https:\/\/ecologicalfarming.ma\/index.php?rest_route=%2Fwp%2Fv2%2Fproduct_cat&post=4703"},{"taxonomy":"product_tag","embeddable":true,"href":"https:\/\/ecologicalfarming.ma\/index.php?rest_route=%2Fwp%2Fv2%2Fproduct_tag&post=4703"}],"curies":[{"name":"wp","href":"https:\/\/api.w.org\/{rel}","templated":true}]}}