{"id":4625,"date":"2020-10-24T22:56:25","date_gmt":"2020-10-24T22:56:25","guid":{"rendered":"https:\/\/ecologicalfarming.ma\/?post_type=product&#038;p=4625"},"modified":"2022-03-15T23:52:43","modified_gmt":"2022-03-15T23:52:43","slug":"17b2-poids-250gr-praline-noix","status":"publish","type":"product","link":"https:\/\/ecologicalfarming.ma\/?product=17b2-poids-250gr-praline-noix","title":{"rendered":"<span style=\"color:#bf5944;\"><p>PRALIN\u00c9 2<\/span><\/p> <span style=\"color:#fc3903;\"><p>Noix et miel de montagne<\/span><\/p> <span style=\"color: #944a4f;\">Poids : 250Gr<\/span>"},"content":{"rendered":"<p><strong><span style=\"color: #944a4f;\">PRALIN\u00c9 2 <\/span>:<\/strong> <span style=\"color: #fc3903;\">NOIX ET <span style=\"color: #ee393c;\"><span style=\"color: #fe2c00;\">MIEL DE MONTAGNE<\/span><\/span><\/span><\/p>\n<ul>\n<li>100% BIO<\/li>\n<li>100% NATUREL<\/li>\n<li>SANS SUCRE<\/li>\n<li>SANS ADDITIFS<\/li>\n<li>SANS CONSERVATEURS<\/li>\n<\/ul>\n<p>Notre <span style=\"color: #944a4f;\">PRALIN\u00c9 2 <\/span>est une cr\u00e9ation \u00e0 base <span style=\"color: #944a4f;\">du miel de montagne et cacahu\u00e8tes<\/span>\u00a0avec une saveur pure et naturelle.<br \/>\nCe produit reconnu pour ses propri\u00e9t\u00e9s fortifiantes est id\u00e9al pour le petit d\u00e9jeuner ainsi que le casse-cro\u00fbte \u00e0 tout moment de la journ\u00e9e.<br \/>\nAvant de le d\u00e9guster, il est pr\u00e9f\u00e9rable de le remuer jusqu\u2019\u00e0 l\u2019obtention d\u2019un m\u00e9lange homog\u00e8ne.<\/p>\n<p>&nbsp;<\/p>\n","protected":false},"excerpt":{"rendered":"<p>PRALIN\u00c9 2 : NOIX ET MIEL DE MONTAGNE 100% BIO 100% NATUREL SANS SUCRE SANS ADDITIFS SANS CONSERVATEURS Notre PRALIN\u00c9 2 est une cr\u00e9ation \u00e0 base du miel de montagne et cacahu\u00e8tes\u00a0avec une saveur pure et naturelle. Ce produit reconnu pour ses propri\u00e9t\u00e9s fortifiantes est id\u00e9al pour le petit d\u00e9jeuner ainsi que le casse-cro\u00fbte \u00e0 [&hellip;]<\/p>\n","protected":false},"featured_media":11184,"template":"","meta":[],"product_cat":[460],"product_tag":[],"_links":{"self":[{"href":"https:\/\/ecologicalfarming.ma\/index.php?rest_route=\/wp\/v2\/product\/4625"}],"collection":[{"href":"https:\/\/ecologicalfarming.ma\/index.php?rest_route=\/wp\/v2\/product"}],"about":[{"href":"https:\/\/ecologicalfarming.ma\/index.php?rest_route=\/wp\/v2\/types\/product"}],"wp:featuredmedia":[{"embeddable":true,"href":"https:\/\/ecologicalfarming.ma\/index.php?rest_route=\/wp\/v2\/media\/11184"}],"wp:attachment":[{"href":"https:\/\/ecologicalfarming.ma\/index.php?rest_route=%2Fwp%2Fv2%2Fmedia&parent=4625"}],"wp:term":[{"taxonomy":"product_cat","embeddable":true,"href":"https:\/\/ecologicalfarming.ma\/index.php?rest_route=%2Fwp%2Fv2%2Fproduct_cat&post=4625"},{"taxonomy":"product_tag","embeddable":true,"href":"https:\/\/ecologicalfarming.ma\/index.php?rest_route=%2Fwp%2Fv2%2Fproduct_tag&post=4625"}],"curies":[{"name":"wp","href":"https:\/\/api.w.org\/{rel}","templated":true}]}}