{"id":4605,"date":"2020-10-22T23:09:42","date_gmt":"2020-10-22T23:09:42","guid":{"rendered":"https:\/\/ecologicalfarming.ma\/?post_type=product&#038;p=4605"},"modified":"2021-12-12T17:12:04","modified_gmt":"2021-12-12T17:12:04","slug":"27f7-poids-200gr-sel-de-bain-a-lavande","status":"publish","type":"product","link":"https:\/\/ecologicalfarming.ma\/?product=27f7-poids-200gr-sel-de-bain-a-lavande","title":{"rendered":"<span style=\"color: #470796;\"><p>SEL DE BAIN 7<\/p><\/span> <span style=\"color: #ff00a6;\"><p>LAVANDE DELUXE<\/p><\/span> <span style=\"color: #944a4f;\">Poids : 200Gr<\/span>"},"content":{"rendered":"<p><span style=\"color: #470796;\">SEL DE BAIN NATUREL 1 :<\/span> <span style=\"color: #fb068b;\">LAVANDE DELUXE<\/span><\/p>\n<ul>\n<li style=\"list-style-type: none;\">\n<ul>\n<li style=\"list-style-type: none;\">\n<ul>\n<li style=\"text-align: left;\">FLEURS DE LAVANDE BIO<\/li>\n<li style=\"text-align: left;\">HUILE ESSENTIELLE DE LAVANDE BIO<\/li>\n<\/ul>\n<\/li>\n<\/ul>\n<\/li>\n<li>SANS ADDITIFS<\/li>\n<li>SANS CONSERVATEURS<\/li>\n<\/ul>\n<p>Notre <span style=\"color: #470796;\">SEL DE BAIN NATUREL 6 <\/span>\u00e0 base de <span style=\"color: #fb068b;\">fleurs de lavande BIO et huile essentielle de lavande BIO<\/span> est fra\u00eechement produit sur commande sans aditifs ni conservateurs.<br \/>\nCe sel de bain purement naturel -intens\u00e9ment parfum\u00e9 et non moussant- est particuli\u00e8rement appr\u00e9ci\u00e9 dans les bains et les Hammams traditionnels ainsi que pour des applications sp\u00e9ciales dans les SPA modernes.<\/p>\n<p>&nbsp;<\/p>\n<p>&nbsp;<\/p>\n","protected":false},"excerpt":{"rendered":"<p>SEL DE BAIN NATUREL 1 : LAVANDE DELUXE FLEURS DE LAVANDE BIO HUILE ESSENTIELLE DE LAVANDE BIO SANS ADDITIFS SANS CONSERVATEURS Notre SEL DE BAIN NATUREL 6 \u00e0 base de fleurs de lavande BIO et huile essentielle de lavande BIO est fra\u00eechement produit sur commande sans aditifs ni conservateurs. Ce sel de bain purement naturel [&hellip;]<\/p>\n","protected":false},"featured_media":10897,"template":"","meta":[],"product_cat":[876],"product_tag":[],"_links":{"self":[{"href":"https:\/\/ecologicalfarming.ma\/index.php?rest_route=\/wp\/v2\/product\/4605"}],"collection":[{"href":"https:\/\/ecologicalfarming.ma\/index.php?rest_route=\/wp\/v2\/product"}],"about":[{"href":"https:\/\/ecologicalfarming.ma\/index.php?rest_route=\/wp\/v2\/types\/product"}],"wp:featuredmedia":[{"embeddable":true,"href":"https:\/\/ecologicalfarming.ma\/index.php?rest_route=\/wp\/v2\/media\/10897"}],"wp:attachment":[{"href":"https:\/\/ecologicalfarming.ma\/index.php?rest_route=%2Fwp%2Fv2%2Fmedia&parent=4605"}],"wp:term":[{"taxonomy":"product_cat","embeddable":true,"href":"https:\/\/ecologicalfarming.ma\/index.php?rest_route=%2Fwp%2Fv2%2Fproduct_cat&post=4605"},{"taxonomy":"product_tag","embeddable":true,"href":"https:\/\/ecologicalfarming.ma\/index.php?rest_route=%2Fwp%2Fv2%2Fproduct_tag&post=4605"}],"curies":[{"name":"wp","href":"https:\/\/api.w.org\/{rel}","templated":true}]}}