{"id":4586,"date":"2020-10-22T22:23:10","date_gmt":"2020-10-22T22:23:10","guid":{"rendered":"https:\/\/ecologicalfarming.ma\/?post_type=product&#038;p=4586"},"modified":"2021-12-12T17:21:41","modified_gmt":"2021-12-12T17:21:41","slug":"27f14-poids-200gr-sel-de-bain-a-la-camomille","status":"publish","type":"product","link":"https:\/\/ecologicalfarming.ma\/?product=27f14-poids-200gr-sel-de-bain-a-la-camomille","title":{"rendered":"<span style=\"color: #470796;\"><p>SEL DE BAIN 4<\/p><\/span> <span style=\"color: #ff00a6;\"><p>CAMOMILLE DELUXE<\/p><\/span> <span style=\"color: #944a4f;\">Poids : 200Gr<\/span>"},"content":{"rendered":"<p><span style=\"color: #470796;\">SEL DE BAIN NATUREL 1 :<\/span> <span style=\"color: #fb068b;\">CAMOMILLE DELUXE<\/span><\/p>\n<ul>\n<li style=\"list-style-type: none;\">\n<ul>\n<li style=\"list-style-type: none;\">\n<ul>\n<li style=\"text-align: left;\">FLEURS DE CAMOMILLE BIO<\/li>\n<li style=\"text-align: left;\">HUILE ESSENTIELLE DE CAMOMILLE BIO<\/li>\n<\/ul>\n<\/li>\n<\/ul>\n<\/li>\n<li>SANS ADDITIFS<\/li>\n<li>SANS CONSERVATEURS<\/li>\n<\/ul>\n<p>Notre <span style=\"color: #470796;\">SEL DE BAIN NATUREL 4 <\/span>\u00a0\u00e0 base de <span style=\"color: #fb068b;\">fleurs de camomille BIO et huile essentielle de camomille BIO<\/span> est fra\u00eechement produit sur commande sans aditifs ni conservateurs.<br \/>\nCe sel de bain purement naturel -intens\u00e9ment parfum\u00e9 et non moussant- est particuli\u00e8rement appr\u00e9ci\u00e9 dans les bains et les Hammams traditionnels ainsi que pour des applications sp\u00e9ciales dans les SPA modernes.<\/p>\n<p>&nbsp;<\/p>\n<p>&nbsp;<\/p>\n","protected":false},"excerpt":{"rendered":"<p>SEL DE BAIN NATUREL 1 : CAMOMILLE DELUXE FLEURS DE CAMOMILLE BIO HUILE ESSENTIELLE DE CAMOMILLE BIO SANS ADDITIFS SANS CONSERVATEURS Notre SEL DE BAIN NATUREL 4 \u00a0\u00e0 base de fleurs de camomille BIO et huile essentielle de camomille BIO est fra\u00eechement produit sur commande sans aditifs ni conservateurs. Ce sel de bain purement naturel [&hellip;]<\/p>\n","protected":false},"featured_media":10903,"template":"","meta":[],"product_cat":[876,40,490],"product_tag":[],"_links":{"self":[{"href":"https:\/\/ecologicalfarming.ma\/index.php?rest_route=\/wp\/v2\/product\/4586"}],"collection":[{"href":"https:\/\/ecologicalfarming.ma\/index.php?rest_route=\/wp\/v2\/product"}],"about":[{"href":"https:\/\/ecologicalfarming.ma\/index.php?rest_route=\/wp\/v2\/types\/product"}],"wp:featuredmedia":[{"embeddable":true,"href":"https:\/\/ecologicalfarming.ma\/index.php?rest_route=\/wp\/v2\/media\/10903"}],"wp:attachment":[{"href":"https:\/\/ecologicalfarming.ma\/index.php?rest_route=%2Fwp%2Fv2%2Fmedia&parent=4586"}],"wp:term":[{"taxonomy":"product_cat","embeddable":true,"href":"https:\/\/ecologicalfarming.ma\/index.php?rest_route=%2Fwp%2Fv2%2Fproduct_cat&post=4586"},{"taxonomy":"product_tag","embeddable":true,"href":"https:\/\/ecologicalfarming.ma\/index.php?rest_route=%2Fwp%2Fv2%2Fproduct_tag&post=4586"}],"curies":[{"name":"wp","href":"https:\/\/api.w.org\/{rel}","templated":true}]}}