{"id":4585,"date":"2020-10-22T22:11:20","date_gmt":"2020-10-22T22:11:20","guid":{"rendered":"https:\/\/ecologicalfarming.ma\/?post_type=product&#038;p=4585"},"modified":"2021-12-12T18:55:25","modified_gmt":"2021-12-12T18:55:25","slug":"27f4-poids-200gr-sel-de-bain-au-fleur-doranger","status":"publish","type":"product","link":"https:\/\/ecologicalfarming.ma\/?product=27f4-poids-200gr-sel-de-bain-au-fleur-doranger","title":{"rendered":"<span style=\"color: #470796;\"><p>SEL DE BAIN 3<\/p><\/span> <span style=\"color: #ff00a6;\"><p>FLEUR ET HUILE D\u2019ORANGER <\/p><\/span> <span style=\"color: #944a4f;\">Poids : 200Gr<\/span>"},"content":{"rendered":"<p><span style=\"color: #470796;\">SEL DE BAIN NATUREL 3 :<\/span> <span style=\"color: #fb068b;\">AU FLEUR ET HUILE D\u2019ORANGER<\/span><\/p>\n<ul>\n<li style=\"list-style-type: none;\">\n<ul>\n<li style=\"list-style-type: none;\">\n<ul>\n<li style=\"text-align: left;\">FLEURS D&#8217;ORANGER BIO<\/li>\n<li style=\"text-align: left;\">HUILE ESSENTIELLE D&#8217;ORANGER BIO<\/li>\n<\/ul>\n<\/li>\n<\/ul>\n<\/li>\n<\/ul>\n<ul>\n<li>SANS ADDITIFS<\/li>\n<li>SANS CONSERVATEURS<\/li>\n<\/ul>\n<p>Notre <span style=\"color: #470796;\">SEL DE BAIN NATUREL 3 <\/span>\u00e0 base <span style=\"color: #fb068b;\">fleurs d&#8217;oranger et huile essentielle de fleur d&#8217;oranger BIO<\/span> est\u00a0 fra\u00eechement produit sur commande sans aditifs ni conservateurs.<br \/>\nCe sel de bain purement naturel -intens\u00e9ment parfum\u00e9 et non moussant- est particuli\u00e8rement appr\u00e9ci\u00e9 dans les bains et les Hammams traditionnels ainsi que pour des applications sp\u00e9ciales dans les SPA modernes.<\/p>\n","protected":false},"excerpt":{"rendered":"<p>SEL DE BAIN NATUREL 3 : AU FLEUR ET HUILE D\u2019ORANGER FLEURS D&#8217;ORANGER BIO HUILE ESSENTIELLE D&#8217;ORANGER BIO SANS ADDITIFS SANS CONSERVATEURS Notre SEL DE BAIN NATUREL 3 \u00e0 base fleurs d&#8217;oranger et huile essentielle de fleur d&#8217;oranger BIO est\u00a0 fra\u00eechement produit sur commande sans aditifs ni conservateurs. Ce sel de bain purement naturel -intens\u00e9ment [&hellip;]<\/p>\n","protected":false},"featured_media":0,"template":"","meta":[],"product_cat":[490],"product_tag":[],"_links":{"self":[{"href":"https:\/\/ecologicalfarming.ma\/index.php?rest_route=\/wp\/v2\/product\/4585"}],"collection":[{"href":"https:\/\/ecologicalfarming.ma\/index.php?rest_route=\/wp\/v2\/product"}],"about":[{"href":"https:\/\/ecologicalfarming.ma\/index.php?rest_route=\/wp\/v2\/types\/product"}],"wp:attachment":[{"href":"https:\/\/ecologicalfarming.ma\/index.php?rest_route=%2Fwp%2Fv2%2Fmedia&parent=4585"}],"wp:term":[{"taxonomy":"product_cat","embeddable":true,"href":"https:\/\/ecologicalfarming.ma\/index.php?rest_route=%2Fwp%2Fv2%2Fproduct_cat&post=4585"},{"taxonomy":"product_tag","embeddable":true,"href":"https:\/\/ecologicalfarming.ma\/index.php?rest_route=%2Fwp%2Fv2%2Fproduct_tag&post=4585"}],"curies":[{"name":"wp","href":"https:\/\/api.w.org\/{rel}","templated":true}]}}