{"id":4581,"date":"2020-10-22T22:00:51","date_gmt":"2020-10-22T22:00:51","guid":{"rendered":"https:\/\/ecologicalfarming.ma\/?post_type=product&#038;p=4581"},"modified":"2021-12-12T17:25:26","modified_gmt":"2021-12-12T17:25:26","slug":"27a2-poids-150gr-sel-de-bain-a-la-verveine","status":"publish","type":"product","link":"https:\/\/ecologicalfarming.ma\/?product=27a2-poids-150gr-sel-de-bain-a-la-verveine","title":{"rendered":"<span style=\"color: #470796;\"><p>SEL DE BAIN 2<\/p><\/span> <span style=\"color: #ff00a6;\"><p>VERVEINE DELUXE<\/p><\/span> <span style=\"color: #944a4f;\">Poids : 200Gr<\/span>"},"content":{"rendered":"<p><span style=\"color: #470796;\">SEL DE BAIN NATUREL 1 :<\/span> <span style=\"color: #fb068b;\">VERVEINE DELUXE<\/span><\/p>\n<ul>\n<li style=\"list-style-type: none;\">\n<ul>\n<li style=\"list-style-type: none;\">\n<ul>\n<li style=\"text-align: left;\">FEUILLES DE VERVEINE BIO<\/li>\n<li style=\"text-align: left;\">HUILE ESSENTIELLE DE VERVEINE BIO<\/li>\n<\/ul>\n<\/li>\n<\/ul>\n<\/li>\n<li>SANS ADDITIFS<\/li>\n<li>SANS CONSERVATEURS<\/li>\n<\/ul>\n<p>Notre <span style=\"color: #470796;\">SEL DE BAIN NATUREL 2 <\/span>\u00a0\u00e0 base de <span style=\"color: #fb068b;\">feuilles de verveine BIO et huile essentielle de verveine BIO<\/span> est fra\u00eechement produit sur commande sans aditifs ni conservateurs.<br \/>\nCe sel de bain purement naturel -intens\u00e9ment parfum\u00e9 et non moussant- est particuli\u00e8rement appr\u00e9ci\u00e9 dans les bains et les Hammams<br \/>\ntraditionnels ainsi que pour des applications sp\u00e9ciales dans les SPA modernes.<\/p>\n<p>&nbsp;<\/p>\n<p>&nbsp;<\/p>\n","protected":false},"excerpt":{"rendered":"<p>SEL DE BAIN NATUREL 1 : VERVEINE DELUXE FEUILLES DE VERVEINE BIO HUILE ESSENTIELLE DE VERVEINE BIO SANS ADDITIFS SANS CONSERVATEURS Notre SEL DE BAIN NATUREL 2 \u00a0\u00e0 base de feuilles de verveine BIO et huile essentielle de verveine BIO est fra\u00eechement produit sur commande sans aditifs ni conservateurs. Ce sel de bain purement naturel [&hellip;]<\/p>\n","protected":false},"featured_media":10906,"template":"","meta":[],"product_cat":[876,40,490],"product_tag":[],"_links":{"self":[{"href":"https:\/\/ecologicalfarming.ma\/index.php?rest_route=\/wp\/v2\/product\/4581"}],"collection":[{"href":"https:\/\/ecologicalfarming.ma\/index.php?rest_route=\/wp\/v2\/product"}],"about":[{"href":"https:\/\/ecologicalfarming.ma\/index.php?rest_route=\/wp\/v2\/types\/product"}],"wp:featuredmedia":[{"embeddable":true,"href":"https:\/\/ecologicalfarming.ma\/index.php?rest_route=\/wp\/v2\/media\/10906"}],"wp:attachment":[{"href":"https:\/\/ecologicalfarming.ma\/index.php?rest_route=%2Fwp%2Fv2%2Fmedia&parent=4581"}],"wp:term":[{"taxonomy":"product_cat","embeddable":true,"href":"https:\/\/ecologicalfarming.ma\/index.php?rest_route=%2Fwp%2Fv2%2Fproduct_cat&post=4581"},{"taxonomy":"product_tag","embeddable":true,"href":"https:\/\/ecologicalfarming.ma\/index.php?rest_route=%2Fwp%2Fv2%2Fproduct_tag&post=4581"}],"curies":[{"name":"wp","href":"https:\/\/api.w.org\/{rel}","templated":true}]}}