{"id":4544,"date":"2020-10-20T18:55:03","date_gmt":"2020-10-20T18:55:03","guid":{"rendered":"https:\/\/ecologicalfarming.ma\/?post_type=product&#038;p=4544"},"modified":"2021-05-17T20:35:22","modified_gmt":"2021-05-17T20:35:22","slug":"25a3-poids-100gr-masque-henna-en-poudre","status":"publish","type":"product","link":"https:\/\/ecologicalfarming.ma\/?product=25a3-poids-100gr-masque-henna-en-poudre","title":{"rendered":"<span style=\"color: #470796;\">MASQUE HENNA<\/span> <span style=\"color: #ff00a6;\"><p> AUX PLANTES AROMATIQUES<\/span><\/p> <span style=\"color: #944a4f;\">Poids : 100Gr<\/span>"},"content":{"rendered":"<p><span style=\"color: #470796;\">MASQUE HENNA EN POUDRE\u00a0 :<\/span> <span style=\"color: #fb068b;\">\u00a0AUX PLANTES AROMATIQUES<\/span><\/p>\n<ul>\n<li style=\"list-style-type: none;\">\n<ul>\n<li style=\"list-style-type: none;\">\n<ul>\n<li>100%\u00a0 HENNA<\/li>\n<li>100% NANTUREL<\/li>\n<li>VEGAN<\/li>\n<li>SANS ADDITIFS<\/li>\n<li>SANS CONSERVATEURS<\/li>\n<\/ul>\n<\/li>\n<\/ul>\n<\/li>\n<\/ul>\n<p>M\u00e9langer ce Henna avec de l&#8217;eau de rose ou de fleur d&#8217;oranger et quelques gouttes d&#8217;huile pour plus d&#8217;hydratation jusqu\u2019\u00e0 l\u00b4obtention d\u00b4une p\u00e2te bien homog\u00e8ne. Appliquer sur le corps et laisser agir 10 \u00e0 15 minutes avant de rincer \u00e0 l\u2019eau ti\u00e8de ou sous la douche.<\/p>\n","protected":false},"excerpt":{"rendered":"<p>MASQUE HENNA EN POUDRE AUX PLANTES AROMATIQUES<\/p>\n","protected":false},"featured_media":7235,"template":"","meta":[],"product_cat":[490],"product_tag":[],"_links":{"self":[{"href":"https:\/\/ecologicalfarming.ma\/index.php?rest_route=\/wp\/v2\/product\/4544"}],"collection":[{"href":"https:\/\/ecologicalfarming.ma\/index.php?rest_route=\/wp\/v2\/product"}],"about":[{"href":"https:\/\/ecologicalfarming.ma\/index.php?rest_route=\/wp\/v2\/types\/product"}],"wp:featuredmedia":[{"embeddable":true,"href":"https:\/\/ecologicalfarming.ma\/index.php?rest_route=\/wp\/v2\/media\/7235"}],"wp:attachment":[{"href":"https:\/\/ecologicalfarming.ma\/index.php?rest_route=%2Fwp%2Fv2%2Fmedia&parent=4544"}],"wp:term":[{"taxonomy":"product_cat","embeddable":true,"href":"https:\/\/ecologicalfarming.ma\/index.php?rest_route=%2Fwp%2Fv2%2Fproduct_cat&post=4544"},{"taxonomy":"product_tag","embeddable":true,"href":"https:\/\/ecologicalfarming.ma\/index.php?rest_route=%2Fwp%2Fv2%2Fproduct_tag&post=4544"}],"curies":[{"name":"wp","href":"https:\/\/api.w.org\/{rel}","templated":true}]}}