{"id":4533,"date":"2020-10-20T18:33:40","date_gmt":"2020-10-20T18:33:40","guid":{"rendered":"https:\/\/ecologicalfarming.ma\/?post_type=product&#038;p=4533"},"modified":"2024-10-07T17:26:34","modified_gmt":"2024-10-07T17:26:34","slug":"24a6-poids-150gr-ghasoul-aux-plantes-aromatiques-et-medicinales","status":"publish","type":"product","link":"https:\/\/ecologicalfarming.ma\/?product=24a6-poids-150gr-ghasoul-aux-plantes-aromatiques-et-medicinales","title":{"rendered":"<span style=\"color: #470796;\"><p>GHASSOUL 6<\/p><\/span> <span style=\"color: #ff00a6;\"><p>Miel BIO &#038; huile d&#8217;argan BIO<\/p><\/span> <span style=\"color: #944a4f;\">Poids : 150Gr<\/span>"},"content":{"rendered":"<p><span style=\"color: #470796;\">GHASSOUL 6 : <\/span><span style=\"color: #fb068b;\">GHASSOUL &amp; MIEL BIO &amp; HUILE D\u2019ARGAN BIO<\/span><\/p>\n<p>\u2666 100 % GHASSOUL NATUREL<br \/>\n\u2666 MIEL BIO<br \/>\n\u2666 HUILE D\u2019ARGAN BIO<br \/>\n\u2666 MOULU<\/p>\n<ul>\n<li style=\"text-align: left;\">SANS COLORANTS<\/li>\n<li style=\"text-align: left;\">SANS ADDITIFS<\/li>\n<li style=\"text-align: left;\">SANS CONSERVATEURS<\/li>\n<\/ul>\n<p>Notre <span style=\"color: #470796;\">GHASSOUL 6<\/span> \u00e0 base de <span style=\"color: #fb068b;\">\u00a0Ghassoul 100% naturel, miel BIO et huile d\u2019argan BIO <span style=\"color: #333333;\">est fra\u00eechement produit et moulu sur commande sans aucune substance synth\u00e9tique, sans colorants, sans additifs et sans conservateurs.\u00a0<\/span><\/span><br \/>\nM\u00e9langez \u00e0 quantit\u00e9 \u00e9gale Ghassoul et eau ti\u00e8de. Nous recommandons 10 grammes de Ghassoul pour un masque \u00e0 appliquer sur les cheveux, le visage et 50 grammes pour un gommage corporel. Laissez poser ce m\u00e9lange 10 \u00e0 15 minutes jusqu&#8217;\u00e0 l\u00b4obtention d&#8217;une p\u00e2te onctueuse puis appliquez avec la main en effectuant des mouvements circulaires sur les cheveux, le visage et\/ou le corps. Laissez agir environ 10 minutes avant de rincer \u00e0 l\u2019eau ti\u00e8de ou sous la douche.<\/p>\n<p>&nbsp;<\/p>\n","protected":false},"excerpt":{"rendered":"<p>GHASSOUL 6 : GHASSOUL &amp; MIEL BIO &amp; HUILE D\u2019ARGAN BIO \u2666 100 % GHASSOUL NATUREL \u2666 MIEL BIO \u2666 HUILE D\u2019ARGAN BIO \u2666 MOULU SANS COLORANTS SANS ADDITIFS SANS CONSERVATEURS Notre GHASSOUL 6 \u00e0 base de \u00a0Ghassoul 100% naturel, miel BIO et huile d\u2019argan BIO est fra\u00eechement produit et moulu sur commande sans aucune [&hellip;]<\/p>\n","protected":false},"featured_media":10164,"template":"","meta":[],"product_cat":[557,490,440],"product_tag":[],"_links":{"self":[{"href":"https:\/\/ecologicalfarming.ma\/index.php?rest_route=\/wp\/v2\/product\/4533"}],"collection":[{"href":"https:\/\/ecologicalfarming.ma\/index.php?rest_route=\/wp\/v2\/product"}],"about":[{"href":"https:\/\/ecologicalfarming.ma\/index.php?rest_route=\/wp\/v2\/types\/product"}],"wp:featuredmedia":[{"embeddable":true,"href":"https:\/\/ecologicalfarming.ma\/index.php?rest_route=\/wp\/v2\/media\/10164"}],"wp:attachment":[{"href":"https:\/\/ecologicalfarming.ma\/index.php?rest_route=%2Fwp%2Fv2%2Fmedia&parent=4533"}],"wp:term":[{"taxonomy":"product_cat","embeddable":true,"href":"https:\/\/ecologicalfarming.ma\/index.php?rest_route=%2Fwp%2Fv2%2Fproduct_cat&post=4533"},{"taxonomy":"product_tag","embeddable":true,"href":"https:\/\/ecologicalfarming.ma\/index.php?rest_route=%2Fwp%2Fv2%2Fproduct_tag&post=4533"}],"curies":[{"name":"wp","href":"https:\/\/api.w.org\/{rel}","templated":true}]}}