{"id":4388,"date":"2020-10-14T13:40:14","date_gmt":"2020-10-14T13:40:14","guid":{"rendered":"https:\/\/ecologicalfarming.ma\/?post_type=product&#038;p=4388"},"modified":"2024-10-01T14:20:51","modified_gmt":"2024-10-01T14:20:51","slug":"15c7-raisin-rouge-sec","status":"publish","type":"product","link":"https:\/\/ecologicalfarming.ma\/?product=15c7-raisin-rouge-sec","title":{"rendered":"<\/span> <br><span style=\"color: #ee393c;\">RAISIN ROUGE SEC<\/span><br><br><span style=\"color: #944a4f;\">\u2666 Poids : 250Gr<\/span>"},"content":{"rendered":"<p><span style=\"color: #944a4f;\">\u00a0 \u00a0 \u00a0 \u2022\u00a0 FRUITS S\u00c9CH\u00c9S 7 : <span style=\"color: #ee393c;\">RAISIN ROUGE SEC <\/span><\/span><\/p>\n<ul>\n<li>SANS SUCRE<\/li>\n<li>SANS HUILES<\/li>\n<li>SANS ADDITIFS<\/li>\n<li>SANS CONSERVATEURS<\/li>\n<\/ul>\n<p>Notre <span style=\"color: #944a4f;\">RAISIN ROUGE<\/span>\u00a0de qualit\u00e9 BIO contiennent le meilleur des fruits m\u00fbris au soleil, s\u00e9ch\u00e9s naturellement et ensuite moulus avec pr\u00e9caution et convainquent par leur saveur pure et naturelle.<br \/>\nCe produit est appropri\u00e9 par exemple pour le rajouter \u00e0 votre muesli, affiner vos desserts ou faire de la p\u00e2tisserie.<\/p>\n<p>&nbsp;<\/p>\n","protected":false},"excerpt":{"rendered":"<p>\u00a0 \u00a0 \u00a0 \u2022\u00a0 FRUITS S\u00c9CH\u00c9S 7 : RAISIN ROUGE SEC SANS SUCRE SANS HUILES SANS ADDITIFS SANS CONSERVATEURS Notre RAISIN ROUGE\u00a0de qualit\u00e9 BIO contiennent le meilleur des fruits m\u00fbris au soleil, s\u00e9ch\u00e9s naturellement et ensuite moulus avec pr\u00e9caution et convainquent par leur saveur pure et naturelle. Ce produit est appropri\u00e9 par exemple pour le [&hellip;]<\/p>\n","protected":false},"featured_media":6726,"template":"","meta":[],"product_cat":[55,526],"product_tag":[],"_links":{"self":[{"href":"https:\/\/ecologicalfarming.ma\/index.php?rest_route=\/wp\/v2\/product\/4388"}],"collection":[{"href":"https:\/\/ecologicalfarming.ma\/index.php?rest_route=\/wp\/v2\/product"}],"about":[{"href":"https:\/\/ecologicalfarming.ma\/index.php?rest_route=\/wp\/v2\/types\/product"}],"wp:featuredmedia":[{"embeddable":true,"href":"https:\/\/ecologicalfarming.ma\/index.php?rest_route=\/wp\/v2\/media\/6726"}],"wp:attachment":[{"href":"https:\/\/ecologicalfarming.ma\/index.php?rest_route=%2Fwp%2Fv2%2Fmedia&parent=4388"}],"wp:term":[{"taxonomy":"product_cat","embeddable":true,"href":"https:\/\/ecologicalfarming.ma\/index.php?rest_route=%2Fwp%2Fv2%2Fproduct_cat&post=4388"},{"taxonomy":"product_tag","embeddable":true,"href":"https:\/\/ecologicalfarming.ma\/index.php?rest_route=%2Fwp%2Fv2%2Fproduct_tag&post=4388"}],"curies":[{"name":"wp","href":"https:\/\/api.w.org\/{rel}","templated":true}]}}