{"id":4237,"date":"2020-10-07T15:44:08","date_gmt":"2020-10-07T15:44:08","guid":{"rendered":"https:\/\/ecologicalfarming.ma\/?post_type=product&#038;p=4237"},"modified":"2021-09-23T07:53:51","modified_gmt":"2021-09-23T07:53:51","slug":"100gr-savon-poudre-argiles-naturelles-plantes-aromatiques-medicinales","status":"publish","type":"product","link":"https:\/\/ecologicalfarming.ma\/?product=100gr-savon-poudre-argiles-naturelles-plantes-aromatiques-medicinales","title":{"rendered":"<span style=\"color: #470796;\"><p>SAVON POUDRE 1<\/p><\/span> <span style=\"color: #ff00a6;\"><p>Argile naturelle &#038; Plantes aromatiques<\/span><\/p> <span style=\"color: #944a4f;\">Poids : 100Gr<\/span>"},"content":{"rendered":"<p><span style=\"color: #470796;\">SAVON NATUREL EN POUDRE 1 :<\/span> <span style=\"color: #fb068b;\">ARGILES NATURELLES &amp; PLANTES AROMATIQUES ET M\u00c9DICINALES EN POUDRE<\/span><\/p>\n<p>\u2666 ARGILE NATURELLE<br \/>\n\u2666 PLANTES AROMATIQUES ET M\u00c9DICINALES<\/p>\n<ul>\n<li style=\"list-style-type: none;\">\n<ul>\n<li style=\"list-style-type: none;\">\n<ul>\n<li>SANS PARAFFINES<\/li>\n<li>SANS PARAB\u00c8NES<\/li>\n<li>SANS SILICATES<\/li>\n<\/ul>\n<\/li>\n<\/ul>\n<\/li>\n<\/ul>\n<p>Notre <span style=\"color: #470796;\">SAVON NATUREL EN POUDRE 1 <\/span>\u00e0 base<span style=\"color: #fb068b;\"> d\u2019argile naturelle, plantes aromatiques et m\u00e9dicinales<\/span> de culture biologique est fra\u00eechement produit et moulu sur commande sans paraffines, sans parab\u00e8nes, sans silicates et sans aditifs ni conservateurs.<br \/>\nCe savon recommand\u00e9 pour tous les types de peau et surtout les peaux s\u00e9ch\u00e9es poss\u00e8de des propri\u00e9t\u00e9s d\u00e9tersives et d\u00e9graissantes et dispose d\u2019une capacit\u00e9 naturelle d\u2019absorption et d\u2019adsorption qui le font utiliser comme savon<br \/>\nmin\u00e9ral particuli\u00e8rement appr\u00e9ci\u00e9 dans les bains et les hammams traditionnels ainsi que pour des applications sp\u00e9ciales dans les SPA modernes.<\/p>\n","protected":false},"excerpt":{"rendered":"<p>SAVON NATUREL EN POUDRE 1 : ARGILES NATURELLES &amp; PLANTES AROMATIQUES ET M\u00c9DICINALES EN POUDRE \u2666 ARGILE NATURELLE \u2666 PLANTES AROMATIQUES ET M\u00c9DICINALES SANS PARAFFINES SANS PARAB\u00c8NES SANS SILICATES Notre SAVON NATUREL EN POUDRE 1 \u00e0 base d\u2019argile naturelle, plantes aromatiques et m\u00e9dicinales de culture biologique est fra\u00eechement produit et moulu sur commande sans paraffines, [&hellip;]<\/p>\n","protected":false},"featured_media":10712,"template":"","meta":[],"product_cat":[832,833,877,40,490],"product_tag":[],"_links":{"self":[{"href":"https:\/\/ecologicalfarming.ma\/index.php?rest_route=\/wp\/v2\/product\/4237"}],"collection":[{"href":"https:\/\/ecologicalfarming.ma\/index.php?rest_route=\/wp\/v2\/product"}],"about":[{"href":"https:\/\/ecologicalfarming.ma\/index.php?rest_route=\/wp\/v2\/types\/product"}],"wp:featuredmedia":[{"embeddable":true,"href":"https:\/\/ecologicalfarming.ma\/index.php?rest_route=\/wp\/v2\/media\/10712"}],"wp:attachment":[{"href":"https:\/\/ecologicalfarming.ma\/index.php?rest_route=%2Fwp%2Fv2%2Fmedia&parent=4237"}],"wp:term":[{"taxonomy":"product_cat","embeddable":true,"href":"https:\/\/ecologicalfarming.ma\/index.php?rest_route=%2Fwp%2Fv2%2Fproduct_cat&post=4237"},{"taxonomy":"product_tag","embeddable":true,"href":"https:\/\/ecologicalfarming.ma\/index.php?rest_route=%2Fwp%2Fv2%2Fproduct_tag&post=4237"}],"curies":[{"name":"wp","href":"https:\/\/api.w.org\/{rel}","templated":true}]}}