{"id":4234,"date":"2020-10-07T15:43:13","date_gmt":"2020-10-07T15:43:13","guid":{"rendered":"https:\/\/ecologicalfarming.ma\/?post_type=product&#038;p=4234"},"modified":"2022-01-07T21:33:59","modified_gmt":"2022-01-07T21:33:59","slug":"poids-100gr-savon-glycerine-a-lavande","status":"publish","type":"product","link":"https:\/\/ecologicalfarming.ma\/?product=poids-100gr-savon-glycerine-a-lavande","title":{"rendered":"<span style=\"color: #470796;\"><p>SAVON NATUREL 5<\/p><\/span> <span style=\"color: #ff00a6;\"><p> FLEUR ET HUILE DE LAVANDE<\/span><\/p> <span style=\"color: #944a4f;\">Poids : 100Gr<\/span>"},"content":{"rendered":"<p><span style=\"color: #470796;\">SAVON NATUREL 5 :<\/span> <span style=\"color: #fb068b;\">LAVANDE<\/span><\/p>\n<p>\u2666 LAVANDE BIO<br \/>\n\u2666 HUILE DE LAVANDE BIO<br \/>\n\u2666 FLEURS DE LAVANDE BIO<br \/>\n\u2666 GLYC\u00c9RINE NATURELLE<\/p>\n<ul>\n<li style=\"list-style-type: none;\">\n<ul>\n<li style=\"list-style-type: none;\">\n<ul>\n<li>SANS PARAFFINES<\/li>\n<li>SANS PARAB\u00c8NES<\/li>\n<li>SANS SILICATES<\/li>\n<\/ul>\n<\/li>\n<\/ul>\n<\/li>\n<\/ul>\n<p>Notre <span style=\"color: #470796;\">SAVON NATUREL 5<\/span> \u00e0 base <span style=\"color: #fb068b;\">lavande BIO, huile de lavande BIO, fleurs de lavande BIO et glyc\u00e9rine naturelle <\/span>est fra\u00eechement produit sur commande sans paraffines, sans parab\u00e8nes, sans silicates et sans aditifs ni conservateurs.<br \/>\nCe savon recommand\u00e9 pour tous les types de peau et surtout les peaux s\u00e9ch\u00e9es est nourrissant, hydratant et doux.<br \/>\nVous profitez aussi d\u2019une excellente pr\u00e9vention naturelle du vieillissement de votre peau, des bienfaits pour les peaux \u00e0 tendance acn\u00e9ique et des propri\u00e9t\u00e9s antiseptiques de la lavande, l\u2019une des plantes m\u00e9dicinales les plus pris\u00e9es.<\/p>\n","protected":false},"excerpt":{"rendered":"<p>SAVON GLYCERINE\u00a0 AU FLEUR ET HUILE DE LAVANDE<\/p>\n","protected":false},"featured_media":11020,"template":"","meta":[],"product_cat":[40,490,555,575],"product_tag":[],"_links":{"self":[{"href":"https:\/\/ecologicalfarming.ma\/index.php?rest_route=\/wp\/v2\/product\/4234"}],"collection":[{"href":"https:\/\/ecologicalfarming.ma\/index.php?rest_route=\/wp\/v2\/product"}],"about":[{"href":"https:\/\/ecologicalfarming.ma\/index.php?rest_route=\/wp\/v2\/types\/product"}],"wp:featuredmedia":[{"embeddable":true,"href":"https:\/\/ecologicalfarming.ma\/index.php?rest_route=\/wp\/v2\/media\/11020"}],"wp:attachment":[{"href":"https:\/\/ecologicalfarming.ma\/index.php?rest_route=%2Fwp%2Fv2%2Fmedia&parent=4234"}],"wp:term":[{"taxonomy":"product_cat","embeddable":true,"href":"https:\/\/ecologicalfarming.ma\/index.php?rest_route=%2Fwp%2Fv2%2Fproduct_cat&post=4234"},{"taxonomy":"product_tag","embeddable":true,"href":"https:\/\/ecologicalfarming.ma\/index.php?rest_route=%2Fwp%2Fv2%2Fproduct_tag&post=4234"}],"curies":[{"name":"wp","href":"https:\/\/api.w.org\/{rel}","templated":true}]}}