{"id":4233,"date":"2020-10-07T15:42:56","date_gmt":"2020-10-07T15:42:56","guid":{"rendered":"https:\/\/ecologicalfarming.ma\/?post_type=product&#038;p=4233"},"modified":"2022-01-07T19:51:52","modified_gmt":"2022-01-07T19:51:52","slug":"savon-naturel-glycerine-naturelle","status":"publish","type":"product","link":"https:\/\/ecologicalfarming.ma\/?product=savon-naturel-glycerine-naturelle","title":{"rendered":"<span style=\"color: #470796;\"><p>SAVON NATUREL 4<\/p><\/span> <span style=\"color: #ff00a6;\"><p>GLYC\u00c9RINE NATURELLE<\/span><\/p> <span style=\"color: #944a4f;\">Poids : 100Gr<\/span>"},"content":{"rendered":"<p><span style=\"color: #470796;\">SAVON NATUREL 4 :<\/span> <span style=\"color: #fb068b;\">GLYC\u00c9RINE NATURELLE<\/span><\/p>\n<p>\u2666 GLYC\u00c9RINE NATURELLE<\/p>\n<ul>\n<li style=\"list-style-type: none;\">\n<ul>\n<li style=\"list-style-type: none;\">\n<ul>\n<li>SANS PARAFFINES<\/li>\n<li>SANS PARAB\u00c8NES<\/li>\n<li>SANS SILICATES<\/li>\n<\/ul>\n<\/li>\n<\/ul>\n<\/li>\n<\/ul>\n<p>Notre <span style=\"color: #470796;\">SAVON NATUREL 1<\/span> \u00e0 ba<span style=\"color: #333333;\">se <\/span><span style=\"color: #fb068b;\"><span style=\"color: #333333;\">de<\/span> glyc\u00e9rine naturelle <\/span>est fra\u00eechement produit sur commande sans paraffines, sans parab\u00e8nes, sans silicates et sans aditifs ni conservateurs.<br \/>\nCe savon recommand\u00e9 pour tous les types de peau et surtout les peaux s\u00e9ch\u00e9es est nourrissant, hydratant et doux.<\/p>\n","protected":false},"excerpt":{"rendered":"<p>SAVON GLYCERINE NATUREL<\/p>\n","protected":false},"featured_media":11017,"template":"","meta":[],"product_cat":[40,490,555,575],"product_tag":[],"_links":{"self":[{"href":"https:\/\/ecologicalfarming.ma\/index.php?rest_route=\/wp\/v2\/product\/4233"}],"collection":[{"href":"https:\/\/ecologicalfarming.ma\/index.php?rest_route=\/wp\/v2\/product"}],"about":[{"href":"https:\/\/ecologicalfarming.ma\/index.php?rest_route=\/wp\/v2\/types\/product"}],"wp:featuredmedia":[{"embeddable":true,"href":"https:\/\/ecologicalfarming.ma\/index.php?rest_route=\/wp\/v2\/media\/11017"}],"wp:attachment":[{"href":"https:\/\/ecologicalfarming.ma\/index.php?rest_route=%2Fwp%2Fv2%2Fmedia&parent=4233"}],"wp:term":[{"taxonomy":"product_cat","embeddable":true,"href":"https:\/\/ecologicalfarming.ma\/index.php?rest_route=%2Fwp%2Fv2%2Fproduct_cat&post=4233"},{"taxonomy":"product_tag","embeddable":true,"href":"https:\/\/ecologicalfarming.ma\/index.php?rest_route=%2Fwp%2Fv2%2Fproduct_tag&post=4233"}],"curies":[{"name":"wp","href":"https:\/\/api.w.org\/{rel}","templated":true}]}}