{"id":4232,"date":"2020-10-07T15:42:37","date_gmt":"2020-10-07T15:42:37","guid":{"rendered":"https:\/\/ecologicalfarming.ma\/?post_type=product&#038;p=4232"},"modified":"2022-06-15T10:25:41","modified_gmt":"2022-06-15T10:25:41","slug":"100gr-savon-glycerine-naturelle-miel-bio-huile-dargan-bio","status":"publish","type":"product","link":"https:\/\/ecologicalfarming.ma\/?product=100gr-savon-glycerine-naturelle-miel-bio-huile-dargan-bio","title":{"rendered":"<span style=\"color: #470796;\">SAVON NATUREL 1<\/span> <span style=\"color: #ff00a6;\"><p> <p>MIEL DU MONTAGNE ET HUILE D&#8217;ARGAN <\/p><\/span><\/p> <span style=\"color: #944a4f;\">Poids : 100Gr<\/span>"},"content":{"rendered":"<p><span style=\"color: #470796;\">SAVON NATUREL 1 :<\/span> <span style=\"color: #fb068b;\">\u00a0MIEL DU MONTAGNE BIO ET HUILE D&#8217;ARGAN<\/span><\/p>\n<ul>\n<li style=\"list-style-type: none;\">\n<ul>\n<li style=\"list-style-type: none;\"><\/li>\n<\/ul>\n<\/li>\n<\/ul>\n<p>\u2666 MIEL DU MONTAGNE BIO<br \/>\n\u2666 HUILE D&#8217;ARGAN BIO<br \/>\n\u2666 GLYC\u00c9RINE NATURELLE<\/p>\n<ul>\n<li style=\"list-style-type: none;\">\n<ul>\n<li style=\"list-style-type: none;\">\n<ul>\n<li>SANS PARAFFINES<\/li>\n<li>SANS PARAB\u00c8NES<\/li>\n<li>SANS SILICATES<\/li>\n<\/ul>\n<\/li>\n<\/ul>\n<\/li>\n<\/ul>\n<p>Notre <span style=\"color: #470796;\">SAVON NATUREL 1<\/span> \u00e0 base de <span style=\"color: #fb068b;\">miel du montagne BIO, huile d&#8217;argan BIO et glyc\u00e9rine naturelle <\/span>est fra\u00eechement produit sur commande sans paraffines, sans parab\u00e8nes, sans silicates et sans aditifs ni conservateurs.<br \/>\nCe savon recommand\u00e9 pour tous les types de peau et surtout les peaux s\u00e9ch\u00e9es est nourrissant, hydratant et doux.<br \/>\nVous profitez aussi d\u2019un excellent soin pour l\u2019\u00e9lasticit\u00e9 de votre peau, d\u2019un effet antiinflammatoire et d\u2019une pr\u00e9vention naturelle du vieillissement de votre peau gr\u00e2ce \u00e0 un renouvellement cellulaire tous associ\u00e9s aux propri\u00e9t\u00e9s bienfaisantes de l\u2019huile d\u2019argan.<\/p>\n","protected":false},"excerpt":{"rendered":"<p>&nbsp;<\/p>\n<p>&nbsp;<\/p>\n","protected":false},"featured_media":11460,"template":"","meta":[],"product_cat":[40,490,555],"product_tag":[],"_links":{"self":[{"href":"https:\/\/ecologicalfarming.ma\/index.php?rest_route=\/wp\/v2\/product\/4232"}],"collection":[{"href":"https:\/\/ecologicalfarming.ma\/index.php?rest_route=\/wp\/v2\/product"}],"about":[{"href":"https:\/\/ecologicalfarming.ma\/index.php?rest_route=\/wp\/v2\/types\/product"}],"wp:featuredmedia":[{"embeddable":true,"href":"https:\/\/ecologicalfarming.ma\/index.php?rest_route=\/wp\/v2\/media\/11460"}],"wp:attachment":[{"href":"https:\/\/ecologicalfarming.ma\/index.php?rest_route=%2Fwp%2Fv2%2Fmedia&parent=4232"}],"wp:term":[{"taxonomy":"product_cat","embeddable":true,"href":"https:\/\/ecologicalfarming.ma\/index.php?rest_route=%2Fwp%2Fv2%2Fproduct_cat&post=4232"},{"taxonomy":"product_tag","embeddable":true,"href":"https:\/\/ecologicalfarming.ma\/index.php?rest_route=%2Fwp%2Fv2%2Fproduct_tag&post=4232"}],"curies":[{"name":"wp","href":"https:\/\/api.w.org\/{rel}","templated":true}]}}