{"id":4201,"date":"2020-10-05T22:17:09","date_gmt":"2020-10-05T22:17:09","guid":{"rendered":"https:\/\/ecologicalfarming.ma\/?post_type=product&#038;p=4201"},"modified":"2022-01-06T21:46:27","modified_gmt":"2022-01-06T21:46:27","slug":"100gr-savon-ntuel-glycerine-miel-safran","status":"publish","type":"product","link":"https:\/\/ecologicalfarming.ma\/?product=100gr-savon-ntuel-glycerine-miel-safran","title":{"rendered":"<span style=\"color: #470796;\"><p>SAVON NATUREL 2<\/p><\/span> <span style=\"color: #ff00a6;\"><p>NILA BIO<\/span><\/p> <span style=\"color: #944a4f;\">Poids : 100Gr<\/span>"},"content":{"rendered":"<p><span style=\"color: #470796;\">SAVON NATUREL 2 :<\/span> <span style=\"color: #fb068b;\">NILA BIO<\/span><\/p>\n<p>\u2666 MIEL BIO<br \/>\n\u2666 GLYC\u00c9RINE NATURELLE<br \/>\n\u2666 SAFRAN BIO<\/p>\n<ul>\n<li style=\"list-style-type: none;\">\n<ul>\n<li style=\"list-style-type: none;\">\n<ul>\n<li>SANS PARAFFINES<\/li>\n<li>SANS PARAB\u00c8NES<\/li>\n<li>SANS SILICATES<\/li>\n<\/ul>\n<\/li>\n<\/ul>\n<\/li>\n<\/ul>\n<p>Notre <span style=\"color: #470796;\">SAVON NATUREL 1<\/span> \u00e0 bas<span style=\"color: #333333;\">e <\/span><span style=\"color: #fb068b;\"><span style=\"color: #333333;\">de<\/span> nila BIO, safran BIO et glyc\u00e9rine naturelle <\/span>est fra\u00eechement produit sur commande sans paraffines, sans parab\u00e8nes, sans silicates et sans aditifs ni conservateurs.<br \/>\nCe savon recommand\u00e9 pour tous les types de peau et surtout les peaux s\u00e9ch\u00e9es est nourrissant, hydratant et doux. Vous profitez aussi d\u2019un nettoyage de votre peau en profondeur, d\u2019une efficacit\u00e9 remarquable contre les taches cutan\u00e9es et des propri\u00e9t\u00e9s \u00e9claircissantes du nila.<\/p>\n","protected":false},"excerpt":{"rendered":"<p>SAVON GLYCERINE AU NILA<\/p>\n","protected":false},"featured_media":11000,"template":"","meta":[],"product_cat":[40,490,555],"product_tag":[],"_links":{"self":[{"href":"https:\/\/ecologicalfarming.ma\/index.php?rest_route=\/wp\/v2\/product\/4201"}],"collection":[{"href":"https:\/\/ecologicalfarming.ma\/index.php?rest_route=\/wp\/v2\/product"}],"about":[{"href":"https:\/\/ecologicalfarming.ma\/index.php?rest_route=\/wp\/v2\/types\/product"}],"wp:featuredmedia":[{"embeddable":true,"href":"https:\/\/ecologicalfarming.ma\/index.php?rest_route=\/wp\/v2\/media\/11000"}],"wp:attachment":[{"href":"https:\/\/ecologicalfarming.ma\/index.php?rest_route=%2Fwp%2Fv2%2Fmedia&parent=4201"}],"wp:term":[{"taxonomy":"product_cat","embeddable":true,"href":"https:\/\/ecologicalfarming.ma\/index.php?rest_route=%2Fwp%2Fv2%2Fproduct_cat&post=4201"},{"taxonomy":"product_tag","embeddable":true,"href":"https:\/\/ecologicalfarming.ma\/index.php?rest_route=%2Fwp%2Fv2%2Fproduct_tag&post=4201"}],"curies":[{"name":"wp","href":"https:\/\/api.w.org\/{rel}","templated":true}]}}