{"id":4197,"date":"2020-10-05T22:15:39","date_gmt":"2020-10-05T22:15:39","guid":{"rendered":"https:\/\/ecologicalfarming.ma\/?post_type=product&#038;p=4197"},"modified":"2022-05-20T17:22:27","modified_gmt":"2022-05-20T17:22:27","slug":"100gr-savon-naturel-glycerine-miel-bio-safran-chaara","status":"publish","type":"product","link":"https:\/\/ecologicalfarming.ma\/?product=100gr-savon-naturel-glycerine-miel-bio-safran-chaara","title":{"rendered":"<span style=\"color: #470796;\"><p>SAVON NATUREL 3<\/p><\/span> <span style=\"color: #ff00a6;\"><p>HUIELD&#8217;ARGAN &#038; MIEL BIO &#038; SAFRAN <\/span><\/p> <span style=\"color: #944a4f;\">Poids : 100Gr<\/span>"},"content":{"rendered":"<p><span style=\"color: #470796;\">SAVON NATUREL 3 :<\/span> <span style=\"color: #fb068b;\">HUIEL D&#8217;ARGAN &amp; MIEL &amp; SAFRAN<\/span><\/p>\n<p>\u2666 MIEL BIO<br \/>\n\u2666 GLYC\u00c9RINE NATURELLE<br \/>\n\u2666 SAFRAN BIO<\/p>\n<ul>\n<li style=\"list-style-type: none;\">\n<ul>\n<li style=\"list-style-type: none;\">\n<ul>\n<li>SANS PARAFFINES<\/li>\n<li>SANS PARAB\u00c8NES<\/li>\n<li>SANS SILICATES<\/li>\n<\/ul>\n<\/li>\n<\/ul>\n<\/li>\n<\/ul>\n<p>Notre <span style=\"color: #470796;\">SAVON NATUREL 3<\/span> \u00e0 base de<span style=\"color: #fb068b;\"> huile d&#8217;argan, miel BIO, safran BIO et glyc\u00e9rine naturelle <\/span>est fra\u00eechement produit sur commande sans paraffines, sans parab\u00e8nes, sans silicates et sans aditifs ni conservateurs.<br \/>\nCe savon recommand\u00e9 pour tous les types de peau et surtout les peaux s\u00e9ch\u00e9es est nourrissant, hydratant et doux. Vous profitez aussi<br \/>\ndes propri\u00e9t\u00e9s antioxydantes tr\u00e8s puissantes du safran.<\/p>\n","protected":false},"excerpt":{"rendered":"<p>SAVON NATUREL 3 : HUIEL D&#8217;ARGAN &amp; MIEL &amp; SAFRAN \u2666 MIEL BIO \u2666 GLYC\u00c9RINE NATURELLE \u2666 SAFRAN BIO SANS PARAFFINES SANS PARAB\u00c8NES SANS SILICATES Notre SAVON NATUREL 3 \u00e0 base de huile d&#8217;argan, miel BIO, safran BIO et glyc\u00e9rine naturelle est fra\u00eechement produit sur commande sans paraffines, sans parab\u00e8nes, sans silicates et sans aditifs [&hellip;]<\/p>\n","protected":false},"featured_media":10858,"template":"","meta":[],"product_cat":[40,490,555,575],"product_tag":[],"_links":{"self":[{"href":"https:\/\/ecologicalfarming.ma\/index.php?rest_route=\/wp\/v2\/product\/4197"}],"collection":[{"href":"https:\/\/ecologicalfarming.ma\/index.php?rest_route=\/wp\/v2\/product"}],"about":[{"href":"https:\/\/ecologicalfarming.ma\/index.php?rest_route=\/wp\/v2\/types\/product"}],"wp:featuredmedia":[{"embeddable":true,"href":"https:\/\/ecologicalfarming.ma\/index.php?rest_route=\/wp\/v2\/media\/10858"}],"wp:attachment":[{"href":"https:\/\/ecologicalfarming.ma\/index.php?rest_route=%2Fwp%2Fv2%2Fmedia&parent=4197"}],"wp:term":[{"taxonomy":"product_cat","embeddable":true,"href":"https:\/\/ecologicalfarming.ma\/index.php?rest_route=%2Fwp%2Fv2%2Fproduct_cat&post=4197"},{"taxonomy":"product_tag","embeddable":true,"href":"https:\/\/ecologicalfarming.ma\/index.php?rest_route=%2Fwp%2Fv2%2Fproduct_tag&post=4197"}],"curies":[{"name":"wp","href":"https:\/\/api.w.org\/{rel}","templated":true}]}}