{"id":4194,"date":"2020-10-05T21:19:40","date_gmt":"2020-10-05T21:19:40","guid":{"rendered":"https:\/\/ecologicalfarming.ma\/?post_type=product&#038;p=4194"},"modified":"2025-12-29T10:10:59","modified_gmt":"2025-12-29T10:10:59","slug":"poids-500gr-boules-zammita-6","status":"publish","type":"product","link":"https:\/\/ecologicalfarming.ma\/?product=poids-500gr-boules-zammita-6","title":{"rendered":"<span style=\"color: #ee393c;\"><br><span style=\"color: #26c381;\"> \u2666 BOULES ZAMMITA 6<\/span> <br><br><span style=\"color: #ee393c;\"> ORGE, MA\u00cfS, GRAINES, FRUITS SECS ET MIEL BIO <\/span><br><br><span style=\"color: #944a4f;\">\u2666 Poids : 500Gr<\/span>"},"content":{"rendered":"<p><span style=\"color: #944a4f;\"><strong>\u2022 BOULES ZAMMITA 6 :<\/strong>\u00a0 <span style=\"color: #ee393c;\">ORGE, MA\u00cfS, GRAINES, FRUITS SECS ET MIEL BIO<\/span><\/span><\/p>\n<ul>\n<li>SANS SUCRE<\/li>\n<li>SANS BEURRE<\/li>\n<li>SANS ADDITIFS<\/li>\n<li>SANS CONSERVATEURS<\/li>\n<\/ul>\n<p>Notre <span style=\"color: #944a4f;\">ZAMMITA 6 <\/span> est une cr\u00e9ation \u00e0 base de ma\u00efs, orge, graines, Fruits secs, graines et miel BIO.<br \/>\nCes ingr\u00e9dients purement naturels et de qualit\u00e9 BIO sont utilis\u00e9s enti\u00e8rement avec leurs pellicules qui les recouvrent et sont en plus non sal\u00e9s ni sucr\u00e9s.<br \/>\nSavourez alors cette recette d\u00e9licieuse et tr\u00e8s saine gr\u00e2ce a sa richesse remarquable, entre autres, en glucides complexes \u00e0 faible indice glyc\u00e9mique (sont dig\u00e9r\u00e9s lentement et apportent du glucose aux muscles et au cerveau \u00e0 long terme), fibres, acides amin\u00e9s, min\u00e9raux et vitamines.<\/p>\n","protected":false},"excerpt":{"rendered":"<p>\u2022 BOULES ZAMMITA 6 :\u00a0 ORGE, MA\u00cfS, GRAINES, FRUITS SECS ET MIEL BIO SANS SUCRE SANS BEURRE SANS ADDITIFS SANS CONSERVATEURS Notre ZAMMITA 6 est une cr\u00e9ation \u00e0 base de ma\u00efs, orge, graines, Fruits secs, graines et miel BIO. Ces ingr\u00e9dients purement naturels et de qualit\u00e9 BIO sont utilis\u00e9s enti\u00e8rement avec leurs pellicules qui les [&hellip;]<\/p>\n","protected":false},"featured_media":26097,"template":"","meta":[],"product_cat":[592,55],"product_tag":[],"_links":{"self":[{"href":"https:\/\/ecologicalfarming.ma\/index.php?rest_route=\/wp\/v2\/product\/4194"}],"collection":[{"href":"https:\/\/ecologicalfarming.ma\/index.php?rest_route=\/wp\/v2\/product"}],"about":[{"href":"https:\/\/ecologicalfarming.ma\/index.php?rest_route=\/wp\/v2\/types\/product"}],"wp:featuredmedia":[{"embeddable":true,"href":"https:\/\/ecologicalfarming.ma\/index.php?rest_route=\/wp\/v2\/media\/26097"}],"wp:attachment":[{"href":"https:\/\/ecologicalfarming.ma\/index.php?rest_route=%2Fwp%2Fv2%2Fmedia&parent=4194"}],"wp:term":[{"taxonomy":"product_cat","embeddable":true,"href":"https:\/\/ecologicalfarming.ma\/index.php?rest_route=%2Fwp%2Fv2%2Fproduct_cat&post=4194"},{"taxonomy":"product_tag","embeddable":true,"href":"https:\/\/ecologicalfarming.ma\/index.php?rest_route=%2Fwp%2Fv2%2Fproduct_tag&post=4194"}],"curies":[{"name":"wp","href":"https:\/\/api.w.org\/{rel}","templated":true}]}}