{"id":3472,"date":"2020-09-21T10:14:59","date_gmt":"2020-09-21T10:14:59","guid":{"rendered":"https:\/\/ecologicalfarming.ma\/?post_type=product&#038;p=3472"},"modified":"2025-12-29T11:21:12","modified_gmt":"2025-12-29T11:21:12","slug":"15h3-poids-500gr-zammita-3","status":"publish","type":"product","link":"https:\/\/ecologicalfarming.ma\/?product=15h3-poids-500gr-zammita-3","title":{"rendered":"<span style=\"color: #ee393c;\"><br><span style=\"color: #26c381;\"> \u2666 ZAMMITA 3<\/span> <br><br><span style=\"color: #ee393c;\">MA\u00cfS, FRUITS SECS ET GRAINES <\/span><br><br><span style=\"color: #944a4f;\">\u2666 Poids : 500Gr<\/span>"},"content":{"rendered":"<p><span style=\"color: #944a4f;\">\u2022\u00a0 ZAMMITA 3 : <\/span><span style=\"color: #ee393c;\">MA\u00cfS, FRUITS SECS ET GRAINES\u00a0 \u00a0<\/span><\/p>\n<ul>\n<li>SANS SUCRE<\/li>\n<li>SANS HUILE<\/li>\n<li>SANS BEURRE<\/li>\n<li>SANS ADDITIFS<\/li>\n<li>SANS CONSERVATEURS<\/li>\n<\/ul>\n<p>Notre<span style=\"color: #944a4f;\"> ZAMMITA 3<\/span>\u00a0est une cr\u00e9ation \u00e0 base de ma\u00efs, plantes aromatiques et graines.<br \/>\nCes ingr\u00e9dients purement naturels et de qualit\u00e9 BIO sont utilis\u00e9s enti\u00e8rement avec leurs pellicules qui les recouvrent et sont en plus non sal\u00e9s ni sucr\u00e9s.<br \/>\nSavourez alors cette d\u00e9licieuse et tr\u00e8s saine gr\u00e2ce a sa richesse remarquable, entre autres, en glucides complexes \u00e0 faible indice glyc\u00e9mique (sont dig\u00e9r\u00e9s lentement et apportent du glucose aux muscles et au cerveau \u00e0 long terme), fibres, acides amin\u00e9s, min\u00e9raux et vitamines.<\/p>\n<p>&nbsp;<\/p>\n<p>&nbsp;<\/p>\n","protected":false},"excerpt":{"rendered":"<p>\u2022\u00a0 ZAMMITA 3 : MA\u00cfS, FRUITS SECS ET GRAINES\u00a0 \u00a0 SANS SUCRE SANS HUILE SANS BEURRE SANS ADDITIFS SANS CONSERVATEURS Notre ZAMMITA 3\u00a0est une cr\u00e9ation \u00e0 base de ma\u00efs, plantes aromatiques et graines. Ces ingr\u00e9dients purement naturels et de qualit\u00e9 BIO sont utilis\u00e9s enti\u00e8rement avec leurs pellicules qui les recouvrent et sont en plus non [&hellip;]<\/p>\n","protected":false},"featured_media":26099,"template":"","meta":[],"product_cat":[592,55],"product_tag":[],"_links":{"self":[{"href":"https:\/\/ecologicalfarming.ma\/index.php?rest_route=\/wp\/v2\/product\/3472"}],"collection":[{"href":"https:\/\/ecologicalfarming.ma\/index.php?rest_route=\/wp\/v2\/product"}],"about":[{"href":"https:\/\/ecologicalfarming.ma\/index.php?rest_route=\/wp\/v2\/types\/product"}],"wp:featuredmedia":[{"embeddable":true,"href":"https:\/\/ecologicalfarming.ma\/index.php?rest_route=\/wp\/v2\/media\/26099"}],"wp:attachment":[{"href":"https:\/\/ecologicalfarming.ma\/index.php?rest_route=%2Fwp%2Fv2%2Fmedia&parent=3472"}],"wp:term":[{"taxonomy":"product_cat","embeddable":true,"href":"https:\/\/ecologicalfarming.ma\/index.php?rest_route=%2Fwp%2Fv2%2Fproduct_cat&post=3472"},{"taxonomy":"product_tag","embeddable":true,"href":"https:\/\/ecologicalfarming.ma\/index.php?rest_route=%2Fwp%2Fv2%2Fproduct_tag&post=3472"}],"curies":[{"name":"wp","href":"https:\/\/api.w.org\/{rel}","templated":true}]}}