{"id":3460,"date":"2020-12-29T21:42:45","date_gmt":"2020-12-29T21:42:45","guid":{"rendered":"https:\/\/ecologicalfarming.ma\/?post_type=product&#038;p=3460"},"modified":"2022-06-04T14:05:51","modified_gmt":"2022-06-04T14:05:51","slug":"13a2-250ml-miel-jujubier","status":"publish","type":"product","link":"https:\/\/ecologicalfarming.ma\/?product=13a2-250ml-miel-jujubier","title":{"rendered":"<br><span style=\"color: #fa5558;\">\u2022 MIEL D\u2019EUPHORBE BIO <br><br><\/span><span style=\"color: #8a6265;\">\u2022 Poids : 250Gr<\/span>"},"content":{"rendered":"<p><span style=\"color: #944a4f;\">MIEL DE MONTAGNE<\/span> : <span style=\"color: #ff6600;\">MIEL D\u2019EUPHORBE BIO <\/span><\/p>\n<ul>\n<li>100% MIEL D\u2019EUPHORBE BIO<\/li>\n<\/ul>\n<p>Notre <span style=\"color: #944a4f;\">MIEL DE MONTAGNE<\/span> est un miel monofloral d\u2019exception de notre euphorbe de culture biologique avec un go\u00fbt \u00e2cre et \u00e9pic\u00e9.<br \/>\nCe produit purement naturel est riche en pr\u00e9cieuses vitamines, min\u00e9raux et enzymes sp\u00e9ciales.<br \/>\nVous profitez aussi des propri\u00e9t\u00e9s antiseptiques et antiallergiques de ce produit naturel en cas de mal de gorge, asthme allergique et infections de la sph\u00e8re ORL (Oto-Rhino-Laryngologie).<\/p>\n<p>&nbsp;<\/p>\n","protected":false},"excerpt":{"rendered":"<p>MIEL DE MONTAGNE : MIEL D\u2019EUPHORBE BIO 100% MIEL D\u2019EUPHORBE BIO Notre MIEL DE MONTAGNE est un miel monofloral d\u2019exception de notre euphorbe de culture biologique avec un go\u00fbt \u00e2cre et \u00e9pic\u00e9. Ce produit purement naturel est riche en pr\u00e9cieuses vitamines, min\u00e9raux et enzymes sp\u00e9ciales. Vous profitez aussi des propri\u00e9t\u00e9s antiseptiques et antiallergiques de ce [&hellip;]<\/p>\n","protected":false},"featured_media":10830,"template":"","meta":[],"product_cat":[887],"product_tag":[],"_links":{"self":[{"href":"https:\/\/ecologicalfarming.ma\/index.php?rest_route=\/wp\/v2\/product\/3460"}],"collection":[{"href":"https:\/\/ecologicalfarming.ma\/index.php?rest_route=\/wp\/v2\/product"}],"about":[{"href":"https:\/\/ecologicalfarming.ma\/index.php?rest_route=\/wp\/v2\/types\/product"}],"wp:featuredmedia":[{"embeddable":true,"href":"https:\/\/ecologicalfarming.ma\/index.php?rest_route=\/wp\/v2\/media\/10830"}],"wp:attachment":[{"href":"https:\/\/ecologicalfarming.ma\/index.php?rest_route=%2Fwp%2Fv2%2Fmedia&parent=3460"}],"wp:term":[{"taxonomy":"product_cat","embeddable":true,"href":"https:\/\/ecologicalfarming.ma\/index.php?rest_route=%2Fwp%2Fv2%2Fproduct_cat&post=3460"},{"taxonomy":"product_tag","embeddable":true,"href":"https:\/\/ecologicalfarming.ma\/index.php?rest_route=%2Fwp%2Fv2%2Fproduct_tag&post=3460"}],"curies":[{"name":"wp","href":"https:\/\/api.w.org\/{rel}","templated":true}]}}