{"id":3264,"date":"2020-09-09T21:29:37","date_gmt":"2020-09-09T21:29:37","guid":{"rendered":"https:\/\/ecologicalfarming.ma\/?post_type=product&#038;p=3264"},"modified":"2020-11-04T17:22:56","modified_gmt":"2020-11-04T17:22:56","slug":"1-74-sellou5","status":"publish","type":"product","link":"https:\/\/ecologicalfarming.ma\/?product=1-74-sellou5","title":{"rendered":"1.75 &#8211; Sellou5"},"content":{"rendered":"<p>Sellou 1 : Bio Super Food Mix<\/p>\n<p>Tr\u00e8s nutritif, tr\u00e8s nutritif, pr\u00e9par\u00e9 \u00e0 base d\u2019amande et dattes .<\/p>\n<ul>\n<li>Sans Sucre<\/li>\n<li>Sans Huile<\/li>\n<li>Sans Beurre<\/li>\n<li>Sans Lactose<\/li>\n<li>Sans Conservateurs<\/li>\n<\/ul>\n<p>&nbsp;<\/p>\n<p>&nbsp;<\/p>\n","protected":false},"excerpt":{"rendered":"<p>Sellou 1 : Tr\u00e8s nutritif, pr\u00e9par\u00e9 \u00e0 base d\u2019amande et dattes.<\/p>\n<ul>\n<li>Sans Sucre<\/li>\n<li>Sans Huile<\/li>\n<li>Sans Beurre<\/li>\n<li>Sans Lactose<\/li>\n<li>Sans Conservateurs<\/li>\n<\/ul>\n","protected":false},"featured_media":3260,"template":"","meta":[],"product_cat":[95],"product_tag":[],"_links":{"self":[{"href":"https:\/\/ecologicalfarming.ma\/index.php?rest_route=\/wp\/v2\/product\/3264"}],"collection":[{"href":"https:\/\/ecologicalfarming.ma\/index.php?rest_route=\/wp\/v2\/product"}],"about":[{"href":"https:\/\/ecologicalfarming.ma\/index.php?rest_route=\/wp\/v2\/types\/product"}],"wp:featuredmedia":[{"embeddable":true,"href":"https:\/\/ecologicalfarming.ma\/index.php?rest_route=\/wp\/v2\/media\/3260"}],"wp:attachment":[{"href":"https:\/\/ecologicalfarming.ma\/index.php?rest_route=%2Fwp%2Fv2%2Fmedia&parent=3264"}],"wp:term":[{"taxonomy":"product_cat","embeddable":true,"href":"https:\/\/ecologicalfarming.ma\/index.php?rest_route=%2Fwp%2Fv2%2Fproduct_cat&post=3264"},{"taxonomy":"product_tag","embeddable":true,"href":"https:\/\/ecologicalfarming.ma\/index.php?rest_route=%2Fwp%2Fv2%2Fproduct_tag&post=3264"}],"curies":[{"name":"wp","href":"https:\/\/api.w.org\/{rel}","templated":true}]}}