{"id":3209,"date":"2020-09-03T19:13:41","date_gmt":"2020-09-03T19:13:41","guid":{"rendered":"https:\/\/ecologicalfarming.ma\/?post_type=product&#038;p=3209"},"modified":"2024-10-06T00:01:54","modified_gmt":"2024-10-06T00:01:54","slug":"18a7-poids-100gr-carvis","status":"publish","type":"product","link":"https:\/\/ecologicalfarming.ma\/?product=18a7-poids-100gr-carvis","title":{"rendered":"<br><span style=\"color: #fa5558;\">\u2022 CARVI MOULU<br><br><\/span><span style=\"color: #8a6265;\">\u2022 Poids : 100Gr<\/span>"},"content":{"rendered":"<p><span style=\"color: #fa5558;\">\u2022 100% CARVI<\/span><\/p>\n<ul>\n<li>SANS SEL<\/li>\n<li>SANS COLORANTS<\/li>\n<li>SANS ADDITIFS<\/li>\n<li>SANS CONSERVATEURS<\/li>\n<\/ul>\n<p>Notre <span style=\"color: #fa5558;\"><span style=\"color: #8a6265;\">CARVI<\/span><\/span>\u00a0est de culture biologique, cueilli et tri\u00e9 \u00e0 la main, s\u00e9ch\u00e9 au soleil et fra\u00eechement moulu \u00e0 froid sur commande.<br \/>\nCe produit 100% pur et naturel est id\u00e9al pour relever pratiquement tous les plats.<br \/>\nUtilisez-le alors par exemple pour aromatiser vos plats de viande, de poissons ou de l\u00e9gumes.<\/p>\n","protected":false},"excerpt":{"rendered":"<p>\u2022 100% CARVI SANS SEL SANS COLORANTS SANS ADDITIFS SANS CONSERVATEURS Notre CARVI\u00a0est de culture biologique, cueilli et tri\u00e9 \u00e0 la main, s\u00e9ch\u00e9 au soleil et fra\u00eechement moulu \u00e0 froid sur commande. Ce produit 100% pur et naturel est id\u00e9al pour relever pratiquement tous les plats. Utilisez-le alors par exemple pour aromatiser vos plats de [&hellip;]<\/p>\n","protected":false},"featured_media":12743,"template":"","meta":[],"product_cat":[601],"product_tag":[],"_links":{"self":[{"href":"https:\/\/ecologicalfarming.ma\/index.php?rest_route=\/wp\/v2\/product\/3209"}],"collection":[{"href":"https:\/\/ecologicalfarming.ma\/index.php?rest_route=\/wp\/v2\/product"}],"about":[{"href":"https:\/\/ecologicalfarming.ma\/index.php?rest_route=\/wp\/v2\/types\/product"}],"wp:featuredmedia":[{"embeddable":true,"href":"https:\/\/ecologicalfarming.ma\/index.php?rest_route=\/wp\/v2\/media\/12743"}],"wp:attachment":[{"href":"https:\/\/ecologicalfarming.ma\/index.php?rest_route=%2Fwp%2Fv2%2Fmedia&parent=3209"}],"wp:term":[{"taxonomy":"product_cat","embeddable":true,"href":"https:\/\/ecologicalfarming.ma\/index.php?rest_route=%2Fwp%2Fv2%2Fproduct_cat&post=3209"},{"taxonomy":"product_tag","embeddable":true,"href":"https:\/\/ecologicalfarming.ma\/index.php?rest_route=%2Fwp%2Fv2%2Fproduct_tag&post=3209"}],"curies":[{"name":"wp","href":"https:\/\/api.w.org\/{rel}","templated":true}]}}