{"id":3075,"date":"2020-08-24T21:34:03","date_gmt":"2020-08-24T21:34:03","guid":{"rendered":"https:\/\/ecologicalfarming.ma\/?post_type=product&#038;p=3075"},"modified":"2024-10-23T23:56:58","modified_gmt":"2024-10-23T23:56:58","slug":"70gr-feuilles-de-verviene","status":"publish","type":"product","link":"https:\/\/ecologicalfarming.ma\/?product=70gr-feuilles-de-verviene","title":{"rendered":"<br><span style=\"color: #fa5558;\">\u2022 FEUILLES DE VERVIENE <br><br><\/span><span style=\"color: #8a6265;\">\u2022 Poids : 70Gr<\/span>"},"content":{"rendered":"<p><strong><span style=\"color: #944a4f;\">\u2022 FEUILLES DE VERVEINE\u00a0<\/span><\/strong><\/p>\n<ul>\n<li>100% BIO<\/li>\n<li>100% NATUREL<\/li>\n<\/ul>\n<p>&nbsp;<\/p>\n","protected":false},"excerpt":{"rendered":"<p>Pour une pr\u00e9vention naturelle contre les troubles digestifs.<\/p>\n<ul>\n<li>Elle agit sur la nervosit\u00e9, l\u2019anxi\u00e9t\u00e9 et le stress<\/li>\n<li>Apaise la tension nerveuse<\/li>\n<li>Soigne les troubles gastro-intestinaux<\/li>\n<li>Soulage les maladies des reins et du foie<\/li>\n<li>Son effet s\u00e9datif aide \u00e0 trouver le sommeil<\/li>\n<li>Elle poss\u00e8de un antioxydant puissant qui aide \u00e0 pr\u00e9venir le vieillissement des cellules.<\/li>\n<li>C\u00f4t\u00e9 cuisine : Ses feuilles d\u00e9gagent un doux parfum citronn\u00e9 qui accompagne parfaitement volailles, poissons, glaces et g\u00e2teaux. En infusion, elle permet de soulager les maux de ventre dus aux menstruations \u00e0 condition de la boire bien chaude.<\/li>\n<\/ul>\n","protected":false},"featured_media":12912,"template":"","meta":[],"product_cat":[895],"product_tag":[],"_links":{"self":[{"href":"https:\/\/ecologicalfarming.ma\/index.php?rest_route=\/wp\/v2\/product\/3075"}],"collection":[{"href":"https:\/\/ecologicalfarming.ma\/index.php?rest_route=\/wp\/v2\/product"}],"about":[{"href":"https:\/\/ecologicalfarming.ma\/index.php?rest_route=\/wp\/v2\/types\/product"}],"wp:featuredmedia":[{"embeddable":true,"href":"https:\/\/ecologicalfarming.ma\/index.php?rest_route=\/wp\/v2\/media\/12912"}],"wp:attachment":[{"href":"https:\/\/ecologicalfarming.ma\/index.php?rest_route=%2Fwp%2Fv2%2Fmedia&parent=3075"}],"wp:term":[{"taxonomy":"product_cat","embeddable":true,"href":"https:\/\/ecologicalfarming.ma\/index.php?rest_route=%2Fwp%2Fv2%2Fproduct_cat&post=3075"},{"taxonomy":"product_tag","embeddable":true,"href":"https:\/\/ecologicalfarming.ma\/index.php?rest_route=%2Fwp%2Fv2%2Fproduct_tag&post=3075"}],"curies":[{"name":"wp","href":"https:\/\/api.w.org\/{rel}","templated":true}]}}