{"id":3068,"date":"2020-08-13T16:18:57","date_gmt":"2020-08-13T16:18:57","guid":{"rendered":"https:\/\/ecologicalfarming.ma\/?post_type=product&#038;p=3068"},"modified":"2025-11-22T12:09:31","modified_gmt":"2025-11-22T12:09:31","slug":"60ml-huile-de-ble-germees-corps-cheveux","status":"publish","type":"product","link":"https:\/\/ecologicalfarming.ma\/?product=60ml-huile-de-ble-germees-corps-cheveux","title":{"rendered":"<br><span style=\"color: #4e07a6;\"><p>HUILE COSM\u00c9TIQUE 7<\/span><\/p><span style=\"color: #ff00a6;\"><p> S\u00c9RUM DES HUILES CHEVEUX\u00a0<\/span><\/p> <span style=\"color: #944a4f;\">Volume : 60ml<\/span>"},"content":{"rendered":"<p><span style=\"color: #470796;\">HUILE COSM\u00c9TIQUE 7 : <\/span><span style=\"color: #fb068b;\">S\u00c9RUM DES HUILES BIO\u00a0<\/span><\/p>\n<p>\u2666 100% HUILE DE BL\u00c9 GERM\u00c9 BIO<br \/>\n\u2666 CHEVEUX<br \/>\n\u2666 SANS ADDITIFS<br \/>\n\u2666 SANS CONSERVATEURS<\/p>\n<p>Notre <span style=\"color: #470796;\">S\u00c9RUM DES HUILES BIO (CHEVEUX)<\/span> est un v\u00e9ritable \u00e9lixir de beaut\u00e9 100% fait maison et fra\u00eechement pr\u00e9par\u00e9 sur commande \u00e0 base <span style=\"color: #fb068b;\">de nos huiles cosm\u00e9tiques biologiques <span style=\"color: #333333;\">de qualit\u00e9 haut de gamme. <\/span><\/span><br \/>\nCe s\u00e9rum purement naturel nourrit, purifie, soigne et r\u00e9g\u00e9n\u00e8re id\u00e9alement vos cheveux en toutes saisons. En plus, ce s\u00e9rum fortifie votre cuir chevelu et vos cheveux, renforce la brillance de vos cheveux et am\u00e9liore leur douceur naturelle gr\u00e2ce \u00e0 un taux \u00e9lev\u00e9 en <span style=\"color: #fb068b;\">om\u00e9ga-3 et om\u00e9ga-6 et une richesse en \u00e9l\u00e9ments vitaux.<\/span><br \/>\nVous profiter aussi d\u2019une protection naturelle de vos cheveux contre la chute, les rayons UV et autres sources stressantes.<\/p>\n","protected":false},"excerpt":{"rendered":"<p>HUILE COSM\u00c9TIQUE 7 : S\u00c9RUM DES HUILES BIO\u00a0 \u2666 100% HUILE DE BL\u00c9 GERM\u00c9 BIO \u2666 CHEVEUX \u2666 SANS ADDITIFS \u2666 SANS CONSERVATEURS Notre S\u00c9RUM DES HUILES BIO (CHEVEUX) est un v\u00e9ritable \u00e9lixir de beaut\u00e9 100% fait maison et fra\u00eechement pr\u00e9par\u00e9 sur commande \u00e0 base de nos huiles cosm\u00e9tiques biologiques de qualit\u00e9 haut de gamme. [&hellip;]<\/p>\n","protected":false},"featured_media":26075,"template":"","meta":[],"product_cat":[553,468,464,466],"product_tag":[],"_links":{"self":[{"href":"https:\/\/ecologicalfarming.ma\/index.php?rest_route=\/wp\/v2\/product\/3068"}],"collection":[{"href":"https:\/\/ecologicalfarming.ma\/index.php?rest_route=\/wp\/v2\/product"}],"about":[{"href":"https:\/\/ecologicalfarming.ma\/index.php?rest_route=\/wp\/v2\/types\/product"}],"wp:featuredmedia":[{"embeddable":true,"href":"https:\/\/ecologicalfarming.ma\/index.php?rest_route=\/wp\/v2\/media\/26075"}],"wp:attachment":[{"href":"https:\/\/ecologicalfarming.ma\/index.php?rest_route=%2Fwp%2Fv2%2Fmedia&parent=3068"}],"wp:term":[{"taxonomy":"product_cat","embeddable":true,"href":"https:\/\/ecologicalfarming.ma\/index.php?rest_route=%2Fwp%2Fv2%2Fproduct_cat&post=3068"},{"taxonomy":"product_tag","embeddable":true,"href":"https:\/\/ecologicalfarming.ma\/index.php?rest_route=%2Fwp%2Fv2%2Fproduct_tag&post=3068"}],"curies":[{"name":"wp","href":"https:\/\/api.w.org\/{rel}","templated":true}]}}