{"id":3067,"date":"2020-08-13T16:18:33","date_gmt":"2020-08-13T16:18:33","guid":{"rendered":"https:\/\/ecologicalfarming.ma\/?post_type=product&#038;p=3067"},"modified":"2025-11-22T12:14:30","modified_gmt":"2025-11-22T12:14:30","slug":"21a4-volume-35ml-huile-de-ricin","status":"publish","type":"product","link":"https:\/\/ecologicalfarming.ma\/?product=21a4-volume-35ml-huile-de-ricin","title":{"rendered":"<br><p>HUILE COSM\u00c9TIQUE 1<\/span><\/p><span style=\"color: #ff00a6;\"><p> HUILE DE RICIN BIO <\/span><\/p> <span style=\"color: #944a4f;\">Volume : 30ml<\/span<\/span>"},"content":{"rendered":"<p><span style=\"color: #470796;\">HUILE COSM\u00c9TIQUE 8 : <\/span><span style=\"color: #fb068b;\">HUILE DE RICIN BIO<\/span><\/p>\n<p>\u2666 100% HUILE DE RICIN BIO<br \/>\n\u2666 SANS ADDITIFS<br \/>\n\u2666 SANS CONSERVATEURS<\/p>\n<p>Notre <span style=\"color: #470796;\">HUILE DE DE RICIN BIO<\/span> est une huile cosm\u00e9tique 100% faite maison et fra\u00eechement pr\u00e9par\u00e9e sur commande \u00e0 base <span style=\"color: #fb068b;\">de ricin de culture biologique <span style=\"color: #333333;\">de tr\u00e8s bonne qualit\u00e9.\u00a0\u00a0<\/span><\/span><br \/>\nCe produit purement naturel est tr\u00e8s recommand\u00e9 pour un soin durable de vos phan\u00e8res (cheveux, ongles et cils) et, en plus, soutient la r\u00e9g\u00e9n\u00e9ration et la gu\u00e9rison naturelle de vos cheveux.<\/p>\n","protected":false},"excerpt":{"rendered":"<p>HUILE COSM\u00c9TIQUE 8 : HUILE DE RICIN BIO \u2666 100% HUILE DE RICIN BIO \u2666 SANS ADDITIFS \u2666 SANS CONSERVATEURS Notre HUILE DE DE RICIN BIO est une huile cosm\u00e9tique 100% faite maison et fra\u00eechement pr\u00e9par\u00e9e sur commande \u00e0 base de ricin de culture biologique de tr\u00e8s bonne qualit\u00e9.\u00a0\u00a0 Ce produit purement naturel est tr\u00e8s [&hellip;]<\/p>\n","protected":false},"featured_media":7323,"template":"","meta":[],"product_cat":[553,468,466],"product_tag":[],"_links":{"self":[{"href":"https:\/\/ecologicalfarming.ma\/index.php?rest_route=\/wp\/v2\/product\/3067"}],"collection":[{"href":"https:\/\/ecologicalfarming.ma\/index.php?rest_route=\/wp\/v2\/product"}],"about":[{"href":"https:\/\/ecologicalfarming.ma\/index.php?rest_route=\/wp\/v2\/types\/product"}],"wp:featuredmedia":[{"embeddable":true,"href":"https:\/\/ecologicalfarming.ma\/index.php?rest_route=\/wp\/v2\/media\/7323"}],"wp:attachment":[{"href":"https:\/\/ecologicalfarming.ma\/index.php?rest_route=%2Fwp%2Fv2%2Fmedia&parent=3067"}],"wp:term":[{"taxonomy":"product_cat","embeddable":true,"href":"https:\/\/ecologicalfarming.ma\/index.php?rest_route=%2Fwp%2Fv2%2Fproduct_cat&post=3067"},{"taxonomy":"product_tag","embeddable":true,"href":"https:\/\/ecologicalfarming.ma\/index.php?rest_route=%2Fwp%2Fv2%2Fproduct_tag&post=3067"}],"curies":[{"name":"wp","href":"https:\/\/api.w.org\/{rel}","templated":true}]}}