{"id":3066,"date":"2020-08-13T16:18:14","date_gmt":"2020-08-13T16:18:14","guid":{"rendered":"https:\/\/ecologicalfarming.ma\/?post_type=product&#038;p=3066"},"modified":"2025-11-09T00:53:47","modified_gmt":"2025-11-09T00:53:47","slug":"60ml-serum-des-huiles-cheveux","status":"publish","type":"product","link":"https:\/\/ecologicalfarming.ma\/?product=60ml-serum-des-huiles-cheveux","title":{"rendered":"<br><p>HUILE COSM\u00c9TIQUE 1<\/span><\/p><span style=\"color: #ff00a6;\"><p> HUILE D&#8217;ARGAN BIO<\/span><\/p> <span style=\"color: #944a4f;\">Volume : 60ml<\/span<\/span>"},"content":{"rendered":"<p><span style=\"color: #470796;\">HUILE COSM\u00c9TIQUE 1 : <\/span><span style=\"color: #fb068b;\">HUILE D&#8217;ARGAN BIO<\/span><\/p>\n<p>\u2666 100% HUILE DE D&#8217;ARGAN<br \/>\n\u2666 VISAGE, CORPS ET CHEVEUX<br \/>\n\u2666 SANS ADDITIFS<br \/>\n\u2666 SANS CONSERVATEURS<\/p>\n<p>Notre <span style=\"color: #470796;\">HUILE D&#8217;ARGAN BIO (100% pure, non raffin\u00e9e et non d\u00e9sodoris\u00e9e)<\/span> est une huile cosm\u00e9tique 100% faite maison et fra\u00eechement pr\u00e9par\u00e9e sur commande \u00e0 base <span style=\"color: #fb068b;\">de fruits d\u2019arganier de culture biologique<\/span> de culture <span style=\"color: #fb068b;\"><span style=\"color: #333333;\">de tr\u00e8s bonne qualit\u00e9.\u00a0\u00a0<\/span><\/span><br \/>\nCe produit purement naturel est tr\u00e8s recommand\u00e9 pour un soin sain et durable de votre visage, votre corps et vos cheveux et, en plus, pour nourrir et fortifier en profondeur vos cheveux et votre peau en toutes saisons<\/p>\n","protected":false},"excerpt":{"rendered":"<p>HUILE COSM\u00c9TIQUE 1 : HUILE D&#8217;ARGAN BIO \u2666 100% HUILE DE D&#8217;ARGAN \u2666 VISAGE, CORPS ET CHEVEUX \u2666 SANS ADDITIFS \u2666 SANS CONSERVATEURS Notre HUILE D&#8217;ARGAN BIO (100% pure, non raffin\u00e9e et non d\u00e9sodoris\u00e9e) est une huile cosm\u00e9tique 100% faite maison et fra\u00eechement pr\u00e9par\u00e9e sur commande \u00e0 base de fruits d\u2019arganier de culture biologique de [&hellip;]<\/p>\n","protected":false},"featured_media":26068,"template":"","meta":[],"product_cat":[553,469,468,464,466,462,710],"product_tag":[],"_links":{"self":[{"href":"https:\/\/ecologicalfarming.ma\/index.php?rest_route=\/wp\/v2\/product\/3066"}],"collection":[{"href":"https:\/\/ecologicalfarming.ma\/index.php?rest_route=\/wp\/v2\/product"}],"about":[{"href":"https:\/\/ecologicalfarming.ma\/index.php?rest_route=\/wp\/v2\/types\/product"}],"wp:featuredmedia":[{"embeddable":true,"href":"https:\/\/ecologicalfarming.ma\/index.php?rest_route=\/wp\/v2\/media\/26068"}],"wp:attachment":[{"href":"https:\/\/ecologicalfarming.ma\/index.php?rest_route=%2Fwp%2Fv2%2Fmedia&parent=3066"}],"wp:term":[{"taxonomy":"product_cat","embeddable":true,"href":"https:\/\/ecologicalfarming.ma\/index.php?rest_route=%2Fwp%2Fv2%2Fproduct_cat&post=3066"},{"taxonomy":"product_tag","embeddable":true,"href":"https:\/\/ecologicalfarming.ma\/index.php?rest_route=%2Fwp%2Fv2%2Fproduct_tag&post=3066"}],"curies":[{"name":"wp","href":"https:\/\/api.w.org\/{rel}","templated":true}]}}