{"id":3065,"date":"2020-08-13T16:17:51","date_gmt":"2020-08-13T16:17:51","guid":{"rendered":"https:\/\/ecologicalfarming.ma\/?post_type=product&#038;p=3065"},"modified":"2025-11-22T11:35:44","modified_gmt":"2025-11-22T11:35:44","slug":"21a2-50ml-huile-damande","status":"publish","type":"product","link":"https:\/\/ecologicalfarming.ma\/?product=21a2-50ml-huile-damande","title":{"rendered":"<br><\/span><\/p><span style=\"color: #ff00a6;\"><p> HUILE D&#8217;AMANDE BIO<\/span><\/p> <span style=\"color: #944a4f;\">Volume : 60ml<\/span<\/span>"},"content":{"rendered":"<p><span style=\"color: #470796;\">HUILE COSM\u00c9TIQUE 4 : <\/span><span style=\"color: #fb068b;\">HUILE D\u2019AMANDE BIO<\/span><\/p>\n<p>\u2666 100% HUILE D\u2019AMANDE DOUCE BIO<br \/>\n\u2666 VISAGE &#8211; CORPS &#8211; CHEVEUX<br \/>\n\u2666 SANS ADDITIFS<br \/>\n\u2666 SANS CONSERVATEURS<\/p>\n<p>Notre <span style=\"color: #470796;\">HUILE DE D\u2019AMANDE BIO<\/span> est une huile cosm\u00e9tique 100% faite maison et fra\u00eechement pr\u00e9par\u00e9e sur commande \u00e0 base <span style=\"color: #fb068b;\">d\u2019amandes de culture biologique <span style=\"color: #333333;\">de tr\u00e8s bonne qualit\u00e9.\u00a0\u00a0<\/span><\/span><br \/>\nCe produit purement naturel prot\u00e8ge votre peau en toutes saisons en renfor\u00e7ant son film hydrolipidique et, en plus, tr\u00e8s recommandable contre le vieillissement cutan\u00e9 et les dermatoses.<\/p>\n","protected":false},"excerpt":{"rendered":"<p>HUILE COSM\u00c9TIQUE 4 : HUILE D\u2019AMANDE BIO \u2666 100% HUILE D\u2019AMANDE DOUCE BIO \u2666 VISAGE &#8211; CORPS &#8211; CHEVEUX \u2666 SANS ADDITIFS \u2666 SANS CONSERVATEURS Notre HUILE DE D\u2019AMANDE BIO est une huile cosm\u00e9tique 100% faite maison et fra\u00eechement pr\u00e9par\u00e9e sur commande \u00e0 base d\u2019amandes de culture biologique de tr\u00e8s bonne qualit\u00e9.\u00a0\u00a0 Ce produit purement [&hellip;]<\/p>\n","protected":false},"featured_media":26071,"template":"","meta":[],"product_cat":[553,469,468,466,462,710],"product_tag":[],"_links":{"self":[{"href":"https:\/\/ecologicalfarming.ma\/index.php?rest_route=\/wp\/v2\/product\/3065"}],"collection":[{"href":"https:\/\/ecologicalfarming.ma\/index.php?rest_route=\/wp\/v2\/product"}],"about":[{"href":"https:\/\/ecologicalfarming.ma\/index.php?rest_route=\/wp\/v2\/types\/product"}],"wp:featuredmedia":[{"embeddable":true,"href":"https:\/\/ecologicalfarming.ma\/index.php?rest_route=\/wp\/v2\/media\/26071"}],"wp:attachment":[{"href":"https:\/\/ecologicalfarming.ma\/index.php?rest_route=%2Fwp%2Fv2%2Fmedia&parent=3065"}],"wp:term":[{"taxonomy":"product_cat","embeddable":true,"href":"https:\/\/ecologicalfarming.ma\/index.php?rest_route=%2Fwp%2Fv2%2Fproduct_cat&post=3065"},{"taxonomy":"product_tag","embeddable":true,"href":"https:\/\/ecologicalfarming.ma\/index.php?rest_route=%2Fwp%2Fv2%2Fproduct_tag&post=3065"}],"curies":[{"name":"wp","href":"https:\/\/api.w.org\/{rel}","templated":true}]}}