{"id":3061,"date":"2020-08-13T14:06:17","date_gmt":"2020-08-13T14:06:17","guid":{"rendered":"https:\/\/ecologicalfarming.ma\/?post_type=product&#038;p=3061"},"modified":"2025-11-22T12:00:15","modified_gmt":"2025-11-22T12:00:15","slug":"60ml-huile-sesame","status":"publish","type":"product","link":"https:\/\/ecologicalfarming.ma\/?product=60ml-huile-sesame","title":{"rendered":"<br><span style=\"color: #4e07a6;\"><p>HUILE COSM\u00c9TIQUE 6<\/span><\/p><span style=\"color: #ff00a6;\"><p> HUILE DE S\u00c9SAME BIO<\/span><\/p> <span style=\"color: #944a4f;\">Volume : 60ml<\/span>"},"content":{"rendered":"<p><span style=\"color: #470796;\">HUILE COSM\u00c9TIQUE 6 : <\/span><span style=\"color: #fb068b;\">HUILE DE S\u00c9SAME BIO<\/span><\/p>\n<p>\u2666 100% HUILE DE S\u00c9SAME BIO<br \/>\n\u2666 VISAGE &#8211; CORPS &#8211; CHEVEUX<br \/>\n\u2666 SANS ADDITIFS<br \/>\n\u2666 SANS CONSERVATEURS<\/p>\n<p>Notre <span style=\"color: #470796;\">HUILE DE S\u00c9SAME BIO <\/span>est un v\u00e9ritable \u00e9lixir de beaut\u00e9 100% fait maison et fra\u00eechement pr\u00e9par\u00e9 sur commande \u00e0 base <span style=\"color: #fb068b;\">de s\u00e9same de culture biologiques <span style=\"color: #333333;\">de tr\u00e8s bonne qualit\u00e9.<\/span><\/span><br \/>\nCe produit purement naturel nourrit, purifie, soigne et r\u00e9g\u00e9n\u00e8re vos cheveux et votre peau s\u00e9ch\u00e9e et d\u00e9shydrat\u00e9e en toutes saisons.<\/p>\n","protected":false},"excerpt":{"rendered":"<p>HUILE COSM\u00c9TIQUE 6 : HUILE DE S\u00c9SAME BIO \u2666 100% HUILE DE S\u00c9SAME BIO \u2666 VISAGE &#8211; CORPS &#8211; CHEVEUX \u2666 SANS ADDITIFS \u2666 SANS CONSERVATEURS Notre HUILE DE S\u00c9SAME BIO est un v\u00e9ritable \u00e9lixir de beaut\u00e9 100% fait maison et fra\u00eechement pr\u00e9par\u00e9 sur commande \u00e0 base de s\u00e9same de culture biologiques de tr\u00e8s bonne [&hellip;]<\/p>\n","protected":false},"featured_media":26073,"template":"","meta":[],"product_cat":[368,553,469,468,466,462,710],"product_tag":[],"_links":{"self":[{"href":"https:\/\/ecologicalfarming.ma\/index.php?rest_route=\/wp\/v2\/product\/3061"}],"collection":[{"href":"https:\/\/ecologicalfarming.ma\/index.php?rest_route=\/wp\/v2\/product"}],"about":[{"href":"https:\/\/ecologicalfarming.ma\/index.php?rest_route=\/wp\/v2\/types\/product"}],"wp:featuredmedia":[{"embeddable":true,"href":"https:\/\/ecologicalfarming.ma\/index.php?rest_route=\/wp\/v2\/media\/26073"}],"wp:attachment":[{"href":"https:\/\/ecologicalfarming.ma\/index.php?rest_route=%2Fwp%2Fv2%2Fmedia&parent=3061"}],"wp:term":[{"taxonomy":"product_cat","embeddable":true,"href":"https:\/\/ecologicalfarming.ma\/index.php?rest_route=%2Fwp%2Fv2%2Fproduct_cat&post=3061"},{"taxonomy":"product_tag","embeddable":true,"href":"https:\/\/ecologicalfarming.ma\/index.php?rest_route=%2Fwp%2Fv2%2Fproduct_tag&post=3061"}],"curies":[{"name":"wp","href":"https:\/\/api.w.org\/{rel}","templated":true}]}}