{"id":3059,"date":"2020-08-13T14:05:10","date_gmt":"2020-08-13T14:05:10","guid":{"rendered":"https:\/\/ecologicalfarming.ma\/?post_type=product&#038;p=3059"},"modified":"2021-08-15T20:16:51","modified_gmt":"2021-08-15T20:16:51","slug":"60ml-huile-de-noix","status":"publish","type":"product","link":"https:\/\/ecologicalfarming.ma\/?product=60ml-huile-de-noix","title":{"rendered":"<br><span style=\"color: #4e07a6;\"><p>HUILE COSM\u00c9TIQUE 5<\/span><\/p><span style=\"color: #ff00a6;\"><p>HUILE DE NOIX<\/span><\/p> <span style=\"color: #944a4f;\">Volume : 60ml<\/span>"},"content":{"rendered":"<p><span style=\"color: #470796;\">HUILE COSM\u00c9TIQUE 5 : <\/span><span style=\"color: #fb068b;\">HUILE DE NOIX BIO<\/span><\/p>\n<p>\u2666 100% HUILE DE NOIX BIO<br \/>\n\u2666 CORPS &#8211; CHEVEUX<br \/>\n\u2666 SANS ADDITIFS<br \/>\n\u2666 SANS CONSERVATEURS<\/p>\n<p>Notre <span style=\"color: #470796;\">HUILE DE NOIX E BIO<\/span> est une huile cosm\u00e9tique 100% faite maison et fra\u00eechement pr\u00e9par\u00e9e sur commande \u00e0 base <span style=\"color: #fb068b;\">de noix de culture biologique <span style=\"color: #333333;\">de tr\u00e8s bonne qualit\u00e9.\u00a0\u00a0<\/span><\/span><br \/>\nCe produit purement naturel est tr\u00e8s recommand\u00e9 pour un soin durable de votre peau et, en plus, soutient sa r\u00e9g\u00e9n\u00e9ration et sa gu\u00e9rison naturelle.<\/p>\n<p>&nbsp;<\/p>\n","protected":false},"excerpt":{"rendered":"<p>HUILE COSM\u00c9TIQUE 5 : HUILE DE NOIX BIO \u2666 100% HUILE DE NOIX BIO \u2666 CORPS &#8211; CHEVEUX \u2666 SANS ADDITIFS \u2666 SANS CONSERVATEURS Notre HUILE DE NOIX E BIO est une huile cosm\u00e9tique 100% faite maison et fra\u00eechement pr\u00e9par\u00e9e sur commande \u00e0 base de noix de culture biologique de tr\u00e8s bonne qualit\u00e9.\u00a0\u00a0 Ce produit [&hellip;]<\/p>\n","protected":false},"featured_media":7304,"template":"","meta":[],"product_cat":[40,553,468,466,710],"product_tag":[],"_links":{"self":[{"href":"https:\/\/ecologicalfarming.ma\/index.php?rest_route=\/wp\/v2\/product\/3059"}],"collection":[{"href":"https:\/\/ecologicalfarming.ma\/index.php?rest_route=\/wp\/v2\/product"}],"about":[{"href":"https:\/\/ecologicalfarming.ma\/index.php?rest_route=\/wp\/v2\/types\/product"}],"wp:featuredmedia":[{"embeddable":true,"href":"https:\/\/ecologicalfarming.ma\/index.php?rest_route=\/wp\/v2\/media\/7304"}],"wp:attachment":[{"href":"https:\/\/ecologicalfarming.ma\/index.php?rest_route=%2Fwp%2Fv2%2Fmedia&parent=3059"}],"wp:term":[{"taxonomy":"product_cat","embeddable":true,"href":"https:\/\/ecologicalfarming.ma\/index.php?rest_route=%2Fwp%2Fv2%2Fproduct_cat&post=3059"},{"taxonomy":"product_tag","embeddable":true,"href":"https:\/\/ecologicalfarming.ma\/index.php?rest_route=%2Fwp%2Fv2%2Fproduct_tag&post=3059"}],"curies":[{"name":"wp","href":"https:\/\/api.w.org\/{rel}","templated":true}]}}