{"id":3031,"date":"2020-08-11T22:34:20","date_gmt":"2020-08-11T22:34:20","guid":{"rendered":"https:\/\/ecologicalfarming.ma\/?post_type=product&#038;p=3031"},"modified":"2021-12-20T17:04:45","modified_gmt":"2021-12-20T17:04:45","slug":"750ml-huile-dargan-bio","status":"publish","type":"product","link":"https:\/\/ecologicalfarming.ma\/?product=750ml-huile-dargan-bio","title":{"rendered":"<br><span style=\"color: #fa5558;\">\u2022 HUILE D&#8217;ARGAN BIO<br><br><\/span><span style=\"color: #8a6265;\">\u2022 Volume : 750ml<\/span>"},"content":{"rendered":"<p><span style=\"color: #fa5558;\">\u2022 HUILE D&#8217;ARGAN BIO <span style=\"color: #8a6265;\">Huile vierge de premi\u00e8re qualit\u00e9 press\u00e9e \u00e0 froid<br \/>\n<\/span><\/span><\/p>\n<ul>\n<li>100% BIO<\/li>\n<li>100% PURE<\/li>\n<li>NON RAFFIN\u00c9E<\/li>\n<li>NON D\u00c9SODORIS\u00c9E<\/li>\n<\/ul>\n<p>Notre <span style=\"color: #fa5558;\"><span style=\"color: #8a6265;\">HUILE D&#8217;ARGAN <\/span><\/span>alimentaire est une huile vierge de premi\u00e8re qualit\u00e9 press\u00e9e \u00e0 froid, 100% BIO, 100% pure, non raffin\u00e9e et non d\u00e9sodoris\u00e9e.<br \/>\nNe supportant pas la cuisson, il serait dommage de l\u2019utiliser pour cuisiner.<br \/>\nPar contre vous avez seulement besoin de quelques goutes pour affiner le go\u00fbt de vos plats de viande ou de l\u00e9gumes<br \/>\nm\u00e9diterran\u00e9es, pour pr\u00e9parer une vinaigrette d\u00e9licieuse pour vos salades ou un dip app\u00e9tissant pour accompagner vos crudit\u00e9s.<\/p>\n<p>&nbsp;<\/p>\n","protected":false},"excerpt":{"rendered":"<p>\u2022 HUILE D&#8217;ARGAN BIO Huile vierge de premi\u00e8re qualit\u00e9 press\u00e9e \u00e0 froid 100% BIO 100% PURE NON RAFFIN\u00c9E NON D\u00c9SODORIS\u00c9E Notre HUILE D&#8217;ARGAN alimentaire est une huile vierge de premi\u00e8re qualit\u00e9 press\u00e9e \u00e0 froid, 100% BIO, 100% pure, non raffin\u00e9e et non d\u00e9sodoris\u00e9e. Ne supportant pas la cuisson, il serait dommage de l\u2019utiliser pour cuisiner. [&hellip;]<\/p>\n","protected":false},"featured_media":10929,"template":"","meta":[],"product_cat":[39,581,583,558],"product_tag":[],"_links":{"self":[{"href":"https:\/\/ecologicalfarming.ma\/index.php?rest_route=\/wp\/v2\/product\/3031"}],"collection":[{"href":"https:\/\/ecologicalfarming.ma\/index.php?rest_route=\/wp\/v2\/product"}],"about":[{"href":"https:\/\/ecologicalfarming.ma\/index.php?rest_route=\/wp\/v2\/types\/product"}],"wp:featuredmedia":[{"embeddable":true,"href":"https:\/\/ecologicalfarming.ma\/index.php?rest_route=\/wp\/v2\/media\/10929"}],"wp:attachment":[{"href":"https:\/\/ecologicalfarming.ma\/index.php?rest_route=%2Fwp%2Fv2%2Fmedia&parent=3031"}],"wp:term":[{"taxonomy":"product_cat","embeddable":true,"href":"https:\/\/ecologicalfarming.ma\/index.php?rest_route=%2Fwp%2Fv2%2Fproduct_cat&post=3031"},{"taxonomy":"product_tag","embeddable":true,"href":"https:\/\/ecologicalfarming.ma\/index.php?rest_route=%2Fwp%2Fv2%2Fproduct_tag&post=3031"}],"curies":[{"name":"wp","href":"https:\/\/api.w.org\/{rel}","templated":true}]}}