{"id":2444,"date":"2020-06-14T08:32:45","date_gmt":"2020-06-14T08:32:45","guid":{"rendered":"https:\/\/ecologicalfarming.ma\/?post_type=product&#038;p=2444"},"modified":"2021-08-23T21:46:02","modified_gmt":"2021-08-23T21:46:02","slug":"100gr-plantes-colorantes-naturelles-marron-clair","status":"publish","type":"product","link":"https:\/\/ecologicalfarming.ma\/?product=100gr-plantes-colorantes-naturelles-marron-clair","title":{"rendered":"<span style=\"color: #54038f;\"><p>PLANTES COLORANTES 2<\/p><\/span> <span style=\"color: #ff00a6;\"><p>MARRON CLAIR<\/p> <\/span><\/p> <span style=\"color: #944a4f;\">Poids : 100Gr<\/span>"},"content":{"rendered":"<p><span style=\"color: #470796;\">PLANTES COLORANTES NATURELLES 2 : <\/span><span style=\"color: #fb068b;\">MARRON CLAIR<\/span><\/p>\n<p>\u2666 HENN\u00c9 BIO &#8211; HERBES BIO &#8211; FRUITS BIO &#8211; PROT\u00c9INE DE BL\u00c9 BIO<br \/>\n\u2666 SANS AMMONIAC<br \/>\n\u2666 SANS PEROXYDES<br \/>\n\u2666 SANS SILICATES<\/p>\n<p>Notre cr\u00e9ation de <span style=\"color: #470796;\">PLANTES COLORANTES NATURELLES MARRON CLAIR<\/span> \u00e0 base de notre <span style=\"color: #fb068b;\">henn\u00e9, nos herbes, nos fruits et notre prot\u00e9ine de bl\u00e9 de qualit\u00e9 BIO<\/span> est fra\u00eechement produite sur commande sans aucune substance synth\u00e9tique et sans aditifs ni conservateurs.<br \/>\nM\u00e9langez ce produit 100% pur et naturel avec de l\u2019eau ti\u00e8de jusqu&#8217;\u00e0 l\u00b4obtention d&#8217;une p\u00e2te fluide et laissez poser pendant 1 heur de temps.<br \/>\nEnsuite appliquez sur les cheveux et laissez agir 1 \u00e0 2 heures de temps -d\u00e9pendant de l\u2019intensit\u00e9 de couleur que vous souhaitez- avant de rincer \u00e0 l\u2019eau ti\u00e8de ou sous la douche.<\/p>\n","protected":false},"excerpt":{"rendered":"<p>PLANTES COLORANTES NATURELLES 2 : MARRON CLAIR \u2666 HENN\u00c9 BIO &#8211; HERBES BIO &#8211; FRUITS BIO &#8211; PROT\u00c9INE DE BL\u00c9 BIO \u2666 SANS AMMONIAC \u2666 SANS PEROXYDES \u2666 SANS SILICATES Notre cr\u00e9ation de PLANTES COLORANTES NATURELLES MARRON CLAIR \u00e0 base de notre henn\u00e9, nos herbes, nos fruits et notre prot\u00e9ine de bl\u00e9 de qualit\u00e9 BIO [&hellip;]<\/p>\n","protected":false},"featured_media":6895,"template":"","meta":[],"product_cat":[465],"product_tag":[],"_links":{"self":[{"href":"https:\/\/ecologicalfarming.ma\/index.php?rest_route=\/wp\/v2\/product\/2444"}],"collection":[{"href":"https:\/\/ecologicalfarming.ma\/index.php?rest_route=\/wp\/v2\/product"}],"about":[{"href":"https:\/\/ecologicalfarming.ma\/index.php?rest_route=\/wp\/v2\/types\/product"}],"wp:featuredmedia":[{"embeddable":true,"href":"https:\/\/ecologicalfarming.ma\/index.php?rest_route=\/wp\/v2\/media\/6895"}],"wp:attachment":[{"href":"https:\/\/ecologicalfarming.ma\/index.php?rest_route=%2Fwp%2Fv2%2Fmedia&parent=2444"}],"wp:term":[{"taxonomy":"product_cat","embeddable":true,"href":"https:\/\/ecologicalfarming.ma\/index.php?rest_route=%2Fwp%2Fv2%2Fproduct_cat&post=2444"},{"taxonomy":"product_tag","embeddable":true,"href":"https:\/\/ecologicalfarming.ma\/index.php?rest_route=%2Fwp%2Fv2%2Fproduct_tag&post=2444"}],"curies":[{"name":"wp","href":"https:\/\/api.w.org\/{rel}","templated":true}]}}