{"id":2281,"date":"2020-03-27T19:40:12","date_gmt":"2020-03-27T19:40:12","guid":{"rendered":"https:\/\/ecologicalfarming.ma\/?post_type=product&#038;p=2281"},"modified":"2024-10-06T13:16:06","modified_gmt":"2024-10-06T13:16:06","slug":"20a9-farine-de-mais-complet","status":"publish","type":"product","link":"https:\/\/ecologicalfarming.ma\/?product=20a9-farine-de-mais-complet","title":{"rendered":"<\/span> <br><span style=\"color: #ee393c;\">FARINE DE MA\u00cfS COMPLETE <\/span><br><br><span style=\"color: #944a4f;\">\u2666 Poids : 250Gr<\/span>"},"content":{"rendered":"<p><strong><span style=\"color: #944a4f;\">\u2022\u00a0 <\/span><\/strong><span style=\"color: #944a4f;\">FARINE DE MA\u00cfS COMPLETE<\/span><\/p>\n<ul>\n<li>SANS ADDITIFS<\/li>\n<li>SANS CONSERVATEURS<\/li>\n<\/ul>\n<p>Notre <strong><span style=\"color: #944a4f;\">ma\u00efs<\/span><\/strong> de qualit\u00e9 BIO m\u00fbri au soleil dispose d\u2019une saveur pure et naturelle.<br \/>\nCe produit riche en nutriments essentiels trouve donc son chemin directement de la fourche \u00e0 la fourchette.<\/p>\n<p>&nbsp;<\/p>\n","protected":false},"excerpt":{"rendered":"<p>\u2022\u00a0 FARINE DE MA\u00cfS COMPLETE SANS ADDITIFS SANS CONSERVATEURS Notre ma\u00efs de qualit\u00e9 BIO m\u00fbri au soleil dispose d\u2019une saveur pure et naturelle. Ce produit riche en nutriments essentiels trouve donc son chemin directement de la fourche \u00e0 la fourchette. &nbsp;<\/p>\n","protected":false},"featured_media":12799,"template":"","meta":[],"product_cat":[55,766],"product_tag":[],"_links":{"self":[{"href":"https:\/\/ecologicalfarming.ma\/index.php?rest_route=\/wp\/v2\/product\/2281"}],"collection":[{"href":"https:\/\/ecologicalfarming.ma\/index.php?rest_route=\/wp\/v2\/product"}],"about":[{"href":"https:\/\/ecologicalfarming.ma\/index.php?rest_route=\/wp\/v2\/types\/product"}],"wp:featuredmedia":[{"embeddable":true,"href":"https:\/\/ecologicalfarming.ma\/index.php?rest_route=\/wp\/v2\/media\/12799"}],"wp:attachment":[{"href":"https:\/\/ecologicalfarming.ma\/index.php?rest_route=%2Fwp%2Fv2%2Fmedia&parent=2281"}],"wp:term":[{"taxonomy":"product_cat","embeddable":true,"href":"https:\/\/ecologicalfarming.ma\/index.php?rest_route=%2Fwp%2Fv2%2Fproduct_cat&post=2281"},{"taxonomy":"product_tag","embeddable":true,"href":"https:\/\/ecologicalfarming.ma\/index.php?rest_route=%2Fwp%2Fv2%2Fproduct_tag&post=2281"}],"curies":[{"name":"wp","href":"https:\/\/api.w.org\/{rel}","templated":true}]}}