{"id":2269,"date":"2020-03-26T01:17:26","date_gmt":"2020-03-26T01:17:26","guid":{"rendered":"https:\/\/ecologicalfarming.ma\/?post_type=product&#038;p=2269"},"modified":"2024-10-06T13:37:00","modified_gmt":"2024-10-06T13:37:00","slug":"20a4-semoule-de-mais-concasse","status":"publish","type":"product","link":"https:\/\/ecologicalfarming.ma\/?product=20a4-semoule-de-mais-concasse","title":{"rendered":"<\/span> <br><span style=\"color: #ee393c;\">SEMOULE DE BL\u00c9 CONCASS\u00c9<\/span><br><br><span style=\"color: #944a4f;\">\u2666 Poids : 1KG<\/span>"},"content":{"rendered":"<p><strong><span style=\"color: #944a4f;\">\u2022\u00a0 <\/span><\/strong><span style=\"color: #944a4f;\">SEMOULE DE BL\u00c9 CONCASS\u00c9<\/span><\/p>\n<ul>\n<li>SANS ADDITIFS<\/li>\n<li>SANS CONSERVATEURS<\/li>\n<\/ul>\n<p>Notre <span style=\"color: #944a4f;\">bl\u00e9<\/span>\u00a0de qualit\u00e9 BIO m\u00fbrie au soleil dispose d\u2019une saveur pure et naturelle.<br \/>\nCe produit riche en nutriments essentiels trouve donc son chemin directement de la fourche \u00e0 la fourchette.<\/p>\n","protected":false},"excerpt":{"rendered":"<p>\u2022\u00a0 SEMOULE DE BL\u00c9 CONCASS\u00c9 SANS ADDITIFS SANS CONSERVATEURS Notre bl\u00e9\u00a0de qualit\u00e9 BIO m\u00fbrie au soleil dispose d\u2019une saveur pure et naturelle. Ce produit riche en nutriments essentiels trouve donc son chemin directement de la fourche \u00e0 la fourchette.<\/p>\n","protected":false},"featured_media":12814,"template":"","meta":[],"product_cat":[55,766],"product_tag":[],"_links":{"self":[{"href":"https:\/\/ecologicalfarming.ma\/index.php?rest_route=\/wp\/v2\/product\/2269"}],"collection":[{"href":"https:\/\/ecologicalfarming.ma\/index.php?rest_route=\/wp\/v2\/product"}],"about":[{"href":"https:\/\/ecologicalfarming.ma\/index.php?rest_route=\/wp\/v2\/types\/product"}],"wp:featuredmedia":[{"embeddable":true,"href":"https:\/\/ecologicalfarming.ma\/index.php?rest_route=\/wp\/v2\/media\/12814"}],"wp:attachment":[{"href":"https:\/\/ecologicalfarming.ma\/index.php?rest_route=%2Fwp%2Fv2%2Fmedia&parent=2269"}],"wp:term":[{"taxonomy":"product_cat","embeddable":true,"href":"https:\/\/ecologicalfarming.ma\/index.php?rest_route=%2Fwp%2Fv2%2Fproduct_cat&post=2269"},{"taxonomy":"product_tag","embeddable":true,"href":"https:\/\/ecologicalfarming.ma\/index.php?rest_route=%2Fwp%2Fv2%2Fproduct_tag&post=2269"}],"curies":[{"name":"wp","href":"https:\/\/api.w.org\/{rel}","templated":true}]}}