{"id":11354,"date":"2022-05-22T22:30:24","date_gmt":"2022-05-22T22:30:24","guid":{"rendered":"https:\/\/ecologicalfarming.ma\/?post_type=product&#038;p=11354"},"modified":"2022-05-22T22:37:23","modified_gmt":"2022-05-22T22:37:23","slug":"savon-baldi-6-organic-olive-oil-poids-100gr-copie","status":"publish","type":"product","link":"https:\/\/ecologicalfarming.ma\/?product=savon-baldi-6-organic-olive-oil-poids-100gr-copie","title":{"rendered":"<span style=\"color: #470796;\"><p>SAVON BALDI 6 <\/p><\/span> <span style=\"color: #ff00a6;\"><p>ORGANIC OLIVE OIL<\/span><\/p> <span style=\"color: #944a4f;\">Poids : 100Gr<\/span> (Copie)"},"content":{"rendered":"<p><span style=\"color: #470796;\">SAVON BALDI 6 <\/span><span style=\"color: #470796;\">:<\/span> <span style=\"color: #fb068b;\">BIO-OLIVEN\u00d6L<\/span><\/p>\n<p>\u2666 BIO-OLIVEN\u00d6L<br \/>\n\u2666 OLIVE OIL EXTRACT<\/p>\n<ul>\n<li>OHNE PARAFFINE<\/li>\n<li>OHNE PARABENE<\/li>\n<li>OHNE SILIKATE<\/li>\n<\/ul>\n<p>Unsere <span style=\"color: #470796;\">NATURAL SOAP SAVON BALDI 6 <\/span>ist ein frisch auf Bestellung handgefertigte Kreation von h\u00f6chster Qualit\u00e4t auf Basis von\u00a0<span style=\"color: #fb068b;\">BIO-Oliven\u00f6l <\/span>without paraffins, parabens, silicates and preservatives.<br \/>\nUnsere Naturseife\u00a0SAVON BALDI\u00a0ist ein frisch auf Bestellung handgefertigte Kreation von\u00a0h\u00f6chster Qualit\u00e4t auf Basis von BIO-Oliven\u00f6l\u00a0ohne Sulfate, Silikate und Konservierungsstoffe.<br \/>\nDiese Naturseife versorgt Ihre Haut mit vitalen N\u00e4hrstoffen und Feuchtigkeit.<br \/>\nDabei profitieren Sie nat\u00fcrlich auch von den sch\u00fctzenden und antioxidativen Eigenschaften des Oliven\u00f6ls.<\/p>\n","protected":false},"excerpt":{"rendered":"<p>SAVON BALDI 6 : BIO-OLIVEN\u00d6L \u2666 BIO-OLIVEN\u00d6L \u2666 OLIVE OIL EXTRACT OHNE PARAFFINE OHNE PARABENE OHNE SILIKATE Unsere NATURAL SOAP SAVON BALDI 6 ist ein frisch auf Bestellung handgefertigte Kreation von h\u00f6chster Qualit\u00e4t auf Basis von\u00a0BIO-Oliven\u00f6l without paraffins, parabens, silicates and preservatives. Unsere Naturseife\u00a0SAVON BALDI\u00a0ist ein frisch auf Bestellung handgefertigte Kreation von\u00a0h\u00f6chster Qualit\u00e4t auf Basis [&hellip;]<\/p>\n","protected":false},"featured_media":11350,"template":"","meta":[],"product_cat":[349,744,878],"product_tag":[],"_links":{"self":[{"href":"https:\/\/ecologicalfarming.ma\/index.php?rest_route=\/wp\/v2\/product\/11354"}],"collection":[{"href":"https:\/\/ecologicalfarming.ma\/index.php?rest_route=\/wp\/v2\/product"}],"about":[{"href":"https:\/\/ecologicalfarming.ma\/index.php?rest_route=\/wp\/v2\/types\/product"}],"wp:featuredmedia":[{"embeddable":true,"href":"https:\/\/ecologicalfarming.ma\/index.php?rest_route=\/wp\/v2\/media\/11350"}],"wp:attachment":[{"href":"https:\/\/ecologicalfarming.ma\/index.php?rest_route=%2Fwp%2Fv2%2Fmedia&parent=11354"}],"wp:term":[{"taxonomy":"product_cat","embeddable":true,"href":"https:\/\/ecologicalfarming.ma\/index.php?rest_route=%2Fwp%2Fv2%2Fproduct_cat&post=11354"},{"taxonomy":"product_tag","embeddable":true,"href":"https:\/\/ecologicalfarming.ma\/index.php?rest_route=%2Fwp%2Fv2%2Fproduct_tag&post=11354"}],"curies":[{"name":"wp","href":"https:\/\/api.w.org\/{rel}","templated":true}]}}