{"id":11317,"date":"2022-04-17T21:40:12","date_gmt":"2022-04-17T21:40:12","guid":{"rendered":"https:\/\/ecologicalfarming.ma\/?post_type=product&#038;p=11317"},"modified":"2022-05-05T21:38:12","modified_gmt":"2022-05-05T21:38:12","slug":"%e2%80%a2tartine-fine-olives-noires-3%e2%80%a2-volume-200gr-copie","status":"publish","type":"product","link":"https:\/\/ecologicalfarming.ma\/?product=%e2%80%a2tartine-fine-olives-noires-3%e2%80%a2-volume-200gr-copie","title":{"rendered":"<br><span style=\"color: #fa5558;\">\u2022TARTINE FINE OLIVES NOIRES 3<br><br><\/span><span style=\"color: #8a6265;\">\u2022 Volume : 200Gr<\/span> (Copie)"},"content":{"rendered":"<p><span style=\"color: #fa5558;\"><strong>\u2022<\/strong> TARTINE 3 : <span style=\"color: #8a6265;\">TARTINE FINE OLIVES NOIRES POIVR\u00c9ES<\/span><\/span><\/p>\n<p>\u2666 OLIVES NOIRES BIO<br \/>\n\u2666 HUILE D\u2019OLIVE BIO<br \/>\n\u2666 PLANTES AROMATIQUES<\/p>\n<ul>\n<li>SANS SUCRE<\/li>\n<li>SANS ADDITIFS<\/li>\n<li>SANS CONSERVATEURS<\/li>\n<\/ul>\n<p><span style=\"color: #944a4f;\">TARTINE 3 <\/span>est une cr\u00e9ation purement naturelle de qualit\u00e9 BIO <span style=\"color: #944a4f;\">\u00e0 base d\u2019olives noires poivr\u00e9es, huile d&#8217;olive et plantes aromatiques<\/span>\u00a0m\u00fbries au soleil sans sel, sans sucre et sans additifs ni conservateurs.<br \/>\nSavourez alors cette recette d\u00e9licieuse et tr\u00e8s saine gr\u00e2ce \u00e0 sa richesse remarquable en vitamines, min\u00e9raux, antioxydants, phytost\u00e9rols et acides gras insatur\u00e9s avec vos repas ou pour le casse-cro\u00fbte \u00e0 tout moment de la journ\u00e9e. <span style=\"color: #ff0000;\"><strong>\u00a9<\/strong>Copyright 2019<\/span><\/p>\n<p>&nbsp;<\/p>\n","protected":false},"excerpt":{"rendered":"<p>&nbsp;<\/p>\n<p>&nbsp;<\/p>\n","protected":false},"featured_media":11093,"template":"","meta":[],"product_cat":[664],"product_tag":[],"_links":{"self":[{"href":"https:\/\/ecologicalfarming.ma\/index.php?rest_route=\/wp\/v2\/product\/11317"}],"collection":[{"href":"https:\/\/ecologicalfarming.ma\/index.php?rest_route=\/wp\/v2\/product"}],"about":[{"href":"https:\/\/ecologicalfarming.ma\/index.php?rest_route=\/wp\/v2\/types\/product"}],"wp:featuredmedia":[{"embeddable":true,"href":"https:\/\/ecologicalfarming.ma\/index.php?rest_route=\/wp\/v2\/media\/11093"}],"wp:attachment":[{"href":"https:\/\/ecologicalfarming.ma\/index.php?rest_route=%2Fwp%2Fv2%2Fmedia&parent=11317"}],"wp:term":[{"taxonomy":"product_cat","embeddable":true,"href":"https:\/\/ecologicalfarming.ma\/index.php?rest_route=%2Fwp%2Fv2%2Fproduct_cat&post=11317"},{"taxonomy":"product_tag","embeddable":true,"href":"https:\/\/ecologicalfarming.ma\/index.php?rest_route=%2Fwp%2Fv2%2Fproduct_tag&post=11317"}],"curies":[{"name":"wp","href":"https:\/\/api.w.org\/{rel}","templated":true}]}}