{"id":11248,"date":"2022-01-19T20:38:26","date_gmt":"2022-01-19T20:38:26","guid":{"rendered":"https:\/\/ecologicalfarming.ma\/?post_type=product&#038;p=11248"},"modified":"2022-01-21T12:29:29","modified_gmt":"2022-01-21T12:29:29","slug":"krichlat-brioches-traditionelles","status":"publish","type":"product","link":"https:\/\/ecologicalfarming.ma\/?product=krichlat-brioches-traditionelles","title":{"rendered":"<br><span style=\"color:#bf5944;\"><p>KRICHLAT  <\/span><\/p><span style=\"color:#fa5558;\"><p>BRIOCHES TRADITIONELLES  <\/span><\/p> <span style=\"color: #26c381;\">Prix : nous contacter<\/span>"},"content":{"rendered":"<p><span style=\"color: #944a4f;\">\u2022 KRICHLAT BRIOCHES TRADITIONELLES: <\/span><span style=\"color: #fa5558;\">\u00a0Bl\u00e9 complet,\u00a0 levure traditionnelle BIO, graines, huile d&#8217;olive, miel de compagne\u00a0<\/span><\/p>\n<p>&nbsp;<\/p>\n<ul>\n<li>Sucr\u00e9 au miel de compagne ou fruits s\u00e9ch\u00e9s selon votre choix<\/li>\n<li>PACK : 30 Brioches<\/li>\n<li>100% BIO<\/li>\n<li>100% NATUREL<\/li>\n<li>SANS SUCRE<\/li>\n<li>SANS ADDITIFS<\/li>\n<li>SANS CONSERVATEURS<\/li>\n<\/ul>\n<p>&nbsp;<\/p>\n","protected":false},"excerpt":{"rendered":"<p>\u2022 KRICHLAT BRIOCHES TRADITIONELLES: \u00a0Bl\u00e9 complet,\u00a0 levure traditionnelle BIO, graines, huile d&#8217;olive, miel de compagne\u00a0 &nbsp; Sucr\u00e9 au miel de compagne ou fruits s\u00e9ch\u00e9s selon votre choix PACK : 30 Brioches 100% BIO 100% NATUREL SANS SUCRE SANS ADDITIFS SANS CONSERVATEURS &nbsp;<\/p>\n","protected":false},"featured_media":11264,"template":"","meta":[],"product_cat":[764,558],"product_tag":[],"_links":{"self":[{"href":"https:\/\/ecologicalfarming.ma\/index.php?rest_route=\/wp\/v2\/product\/11248"}],"collection":[{"href":"https:\/\/ecologicalfarming.ma\/index.php?rest_route=\/wp\/v2\/product"}],"about":[{"href":"https:\/\/ecologicalfarming.ma\/index.php?rest_route=\/wp\/v2\/types\/product"}],"wp:featuredmedia":[{"embeddable":true,"href":"https:\/\/ecologicalfarming.ma\/index.php?rest_route=\/wp\/v2\/media\/11264"}],"wp:attachment":[{"href":"https:\/\/ecologicalfarming.ma\/index.php?rest_route=%2Fwp%2Fv2%2Fmedia&parent=11248"}],"wp:term":[{"taxonomy":"product_cat","embeddable":true,"href":"https:\/\/ecologicalfarming.ma\/index.php?rest_route=%2Fwp%2Fv2%2Fproduct_cat&post=11248"},{"taxonomy":"product_tag","embeddable":true,"href":"https:\/\/ecologicalfarming.ma\/index.php?rest_route=%2Fwp%2Fv2%2Fproduct_tag&post=11248"}],"curies":[{"name":"wp","href":"https:\/\/api.w.org\/{rel}","templated":true}]}}