{"id":11195,"date":"2022-01-17T17:36:55","date_gmt":"2022-01-17T17:36:55","guid":{"rendered":"https:\/\/ecologicalfarming.ma\/?post_type=product&#038;p=11195"},"modified":"2022-03-17T22:49:30","modified_gmt":"2022-03-17T22:49:30","slug":"beurre-3-cacahuete-poids-250gr","status":"publish","type":"product","link":"https:\/\/ecologicalfarming.ma\/?product=beurre-3-cacahuete-poids-250gr","title":{"rendered":"<span style=\"color:#bf5944;\"><p>BEURRE 3<\/span><\/p> <span style=\"color:#fe2c00;\"><p>CACAHU\u00c8TE  <\/span><\/p> <span style=\"color: #944a4f;\">Poids : 250Gr<\/span>"},"content":{"rendered":"<p><strong><span style=\"color: #944a4f;\">BEURRE 3 <\/span>:<\/strong> <span style=\"color: #ff3300;\">MIEL DE MANTAGNE ET CACAHU\u00c8TE<\/span><\/p>\n<ul>\n<li>100% BIO<\/li>\n<li>100% NATUREL<\/li>\n<li>SANS SUCRE<\/li>\n<li>SANS ADDITIFS<\/li>\n<li>SANS CONSERVATEURS<\/li>\n<\/ul>\n<p>Notre <span style=\"color: #944a4f;\">BEURRE 3 <\/span>est une cr\u00e9ation \u00e0 base <span style=\"color: #944a4f;\">du cacahu\u00e8tes<\/span>\u00a0 avec une saveur pure et naturelle.<\/p>\n","protected":false},"excerpt":{"rendered":"<p>BEURRE 3 : MIEL DE MANTAGNE ET CACAHU\u00c8TE 100% BIO 100% NATUREL SANS SUCRE SANS ADDITIFS SANS CONSERVATEURS Notre BEURRE 3 est une cr\u00e9ation \u00e0 base du cacahu\u00e8tes\u00a0 avec une saveur pure et naturelle.<\/p>\n","protected":false},"featured_media":11198,"template":"","meta":[],"product_cat":[609],"product_tag":[],"_links":{"self":[{"href":"https:\/\/ecologicalfarming.ma\/index.php?rest_route=\/wp\/v2\/product\/11195"}],"collection":[{"href":"https:\/\/ecologicalfarming.ma\/index.php?rest_route=\/wp\/v2\/product"}],"about":[{"href":"https:\/\/ecologicalfarming.ma\/index.php?rest_route=\/wp\/v2\/types\/product"}],"wp:featuredmedia":[{"embeddable":true,"href":"https:\/\/ecologicalfarming.ma\/index.php?rest_route=\/wp\/v2\/media\/11198"}],"wp:attachment":[{"href":"https:\/\/ecologicalfarming.ma\/index.php?rest_route=%2Fwp%2Fv2%2Fmedia&parent=11195"}],"wp:term":[{"taxonomy":"product_cat","embeddable":true,"href":"https:\/\/ecologicalfarming.ma\/index.php?rest_route=%2Fwp%2Fv2%2Fproduct_cat&post=11195"},{"taxonomy":"product_tag","embeddable":true,"href":"https:\/\/ecologicalfarming.ma\/index.php?rest_route=%2Fwp%2Fv2%2Fproduct_tag&post=11195"}],"curies":[{"name":"wp","href":"https:\/\/api.w.org\/{rel}","templated":true}]}}