{"id":11078,"date":"2022-01-08T16:53:17","date_gmt":"2022-01-08T16:53:17","guid":{"rendered":"https:\/\/ecologicalfarming.ma\/?post_type=product&#038;p=11078"},"modified":"2022-02-09T23:29:40","modified_gmt":"2022-02-09T23:29:40","slug":"tartine-fine-olives-noires-bio-huile-olive-bio-plantes-aromatiques","status":"publish","type":"product","link":"https:\/\/ecologicalfarming.ma\/?product=tartine-fine-olives-noires-bio-huile-olive-bio-plantes-aromatiques","title":{"rendered":"<br><span style=\"color: #fa5558;\">\u2022TARTINE FINE OLIVES NOIRES 2 <br><br><\/span><span style=\"color: #8a6265;\">\u2022 Volume : 200Gr<\/span>"},"content":{"rendered":"<p><span style=\"color: #fa5558;\"><strong>\u2022<\/strong> TARTINE 2 : <span style=\"color: #8a6265;\">TARTINE FINE OLIVES NOIRES\u00a0<\/span><\/span><\/p>\n<p>\u2666 OLIVES NOIRES BIO<br \/>\n\u2666 HUILE D\u2019OLIVE BIO<br \/>\n\u2666 PLANTES AROMATIQUES<\/p>\n<ul>\n<li>SANS SUCRE<\/li>\n<li>SANS ADDITIFS<\/li>\n<li>SANS CONSERVATEURS<\/li>\n<\/ul>\n<p><span style=\"color: #944a4f;\">TARTINE 2 <\/span>est une cr\u00e9ation purement naturelle de qualit\u00e9 BIO <span style=\"color: #944a4f;\">\u00e0 base d\u2019olives noires, huile d&#8217;olive et plantes aromatiques<\/span>\u00a0m\u00fbries au soleil sans sel, sans sucre et sans additifs ni conservateurs.<br \/>\nSavourez alors cette recette d\u00e9licieuse et tr\u00e8s saine gr\u00e2ce \u00e0 sa richesse remarquable en vitamines, min\u00e9raux, antioxydants, phytost\u00e9rols et acides gras insatur\u00e9s avec vos repas ou pour le casse-cro\u00fbte \u00e0 tout moment de la journ\u00e9e. <span style=\"color: #ff0000;\"><strong>\u00a9<\/strong>Copyright 2019<\/span><\/p>\n<p>&nbsp;<\/p>\n","protected":false},"excerpt":{"rendered":"<p>&nbsp;<\/p>\n<p>&nbsp;<\/p>\n","protected":false},"featured_media":11090,"template":"","meta":[],"product_cat":[39,608,482],"product_tag":[],"_links":{"self":[{"href":"https:\/\/ecologicalfarming.ma\/index.php?rest_route=\/wp\/v2\/product\/11078"}],"collection":[{"href":"https:\/\/ecologicalfarming.ma\/index.php?rest_route=\/wp\/v2\/product"}],"about":[{"href":"https:\/\/ecologicalfarming.ma\/index.php?rest_route=\/wp\/v2\/types\/product"}],"wp:featuredmedia":[{"embeddable":true,"href":"https:\/\/ecologicalfarming.ma\/index.php?rest_route=\/wp\/v2\/media\/11090"}],"wp:attachment":[{"href":"https:\/\/ecologicalfarming.ma\/index.php?rest_route=%2Fwp%2Fv2%2Fmedia&parent=11078"}],"wp:term":[{"taxonomy":"product_cat","embeddable":true,"href":"https:\/\/ecologicalfarming.ma\/index.php?rest_route=%2Fwp%2Fv2%2Fproduct_cat&post=11078"},{"taxonomy":"product_tag","embeddable":true,"href":"https:\/\/ecologicalfarming.ma\/index.php?rest_route=%2Fwp%2Fv2%2Fproduct_tag&post=11078"}],"curies":[{"name":"wp","href":"https:\/\/api.w.org\/{rel}","templated":true}]}}