{"id":10983,"date":"2021-12-24T19:15:05","date_gmt":"2021-12-24T19:15:05","guid":{"rendered":"https:\/\/ecologicalfarming.ma\/?post_type=product&#038;p=10983"},"modified":"2022-06-04T16:16:03","modified_gmt":"2022-06-04T16:16:03","slug":"%e2%80%a2-berghonig-bio-thymian-honig","status":"publish","type":"product","link":"https:\/\/ecologicalfarming.ma\/?product=%e2%80%a2-berghonig-bio-thymian-honig","title":{"rendered":"<br><span style=\"color: #fa5558;\">\u2022 BIO-THYMIAN HONIG<br><br><\/span><span style=\"color: #8a6265;\">\u2022 Gewicht : 250Gr<\/span>"},"content":{"rendered":"<p><span style=\"color: #944a4f;\">BERGHONIG : <\/span>\u00a0<span style=\"color: #ff6600;\">BIO-THYMIAN HONIG <\/span><\/p>\n<ul>\n<li>100% BIO-THYMIAN HONIG<\/li>\n<\/ul>\n<p>Unser <span style=\"color: #944a4f;\">BERGHONIG<\/span> ist ein reiner Sortenhonig aus dem Nektar unseres Thymians biologischen Ursprungs mit einem typischen aromatischen Geschmack.<br \/>\nDieses Naturprodukt ist reich an Vitaminen, Mineralien, wertvollen Enzymen und \u00e4therischen \u00d6len.<br \/>\nDabei profitieren Sie nat\u00fcrlich auch von den antiseptischen und antibakteriellen Eigenschaften dieses Naturprodukts sowie von einer wirksamen Pr\u00e4vention von Infektionskrankheiten, Atemwegserkrankungen und Verdauungsst\u00f6rungen.<\/p>\n<p>&nbsp;<\/p>\n","protected":false},"excerpt":{"rendered":"<p>BERGHONIG : \u00a0BIO-THYMIAN HONIG 100% BIO-THYMIAN HONIG Unser BERGHONIG ist ein reiner Sortenhonig aus dem Nektar unseres Thymians biologischen Ursprungs mit einem typischen aromatischen Geschmack. Dieses Naturprodukt ist reich an Vitaminen, Mineralien, wertvollen Enzymen und \u00e4therischen \u00d6len. Dabei profitieren Sie nat\u00fcrlich auch von den antiseptischen und antibakteriellen Eigenschaften dieses Naturprodukts sowie von einer wirksamen Pr\u00e4vention [&hellip;]<\/p>\n","protected":false},"featured_media":10841,"template":"","meta":[],"product_cat":[618,883],"product_tag":[],"_links":{"self":[{"href":"https:\/\/ecologicalfarming.ma\/index.php?rest_route=\/wp\/v2\/product\/10983"}],"collection":[{"href":"https:\/\/ecologicalfarming.ma\/index.php?rest_route=\/wp\/v2\/product"}],"about":[{"href":"https:\/\/ecologicalfarming.ma\/index.php?rest_route=\/wp\/v2\/types\/product"}],"wp:featuredmedia":[{"embeddable":true,"href":"https:\/\/ecologicalfarming.ma\/index.php?rest_route=\/wp\/v2\/media\/10841"}],"wp:attachment":[{"href":"https:\/\/ecologicalfarming.ma\/index.php?rest_route=%2Fwp%2Fv2%2Fmedia&parent=10983"}],"wp:term":[{"taxonomy":"product_cat","embeddable":true,"href":"https:\/\/ecologicalfarming.ma\/index.php?rest_route=%2Fwp%2Fv2%2Fproduct_cat&post=10983"},{"taxonomy":"product_tag","embeddable":true,"href":"https:\/\/ecologicalfarming.ma\/index.php?rest_route=%2Fwp%2Fv2%2Fproduct_tag&post=10983"}],"curies":[{"name":"wp","href":"https:\/\/api.w.org\/{rel}","templated":true}]}}