{"id":10972,"date":"2021-12-23T22:02:48","date_gmt":"2021-12-23T22:02:48","guid":{"rendered":"https:\/\/ecologicalfarming.ma\/?post_type=product&#038;p=10972"},"modified":"2022-06-04T16:14:37","modified_gmt":"2022-06-04T16:14:37","slug":"%e2%80%a2berghonig-bio-orangenbluetenhonig","status":"publish","type":"product","link":"https:\/\/ecologicalfarming.ma\/?product=%e2%80%a2berghonig-bio-orangenbluetenhonig","title":{"rendered":"<br><span style=\"color: #fa5558;\">\u2022 BIO-ORANGENBL\u00dcTENHONIG<br><br><\/span><span style=\"color: #8a6265;\">\u2022 Gewicht : 250Gr<\/span>"},"content":{"rendered":"<p><span style=\"color: #944a4f;\">BERGHONIG : <\/span>\u00a0<span style=\"color: #ff6600;\">BIO-ORANGENBL\u00dcTENHONIG <\/span><\/p>\n<ul>\n<li>100% BIO-ORANGENBL\u00dcTENHONIG<\/li>\n<\/ul>\n<p>Unser <span style=\"color: #944a4f;\">BERGHONIG<\/span> ist ein reiner Sortenhonig aus dem Nektar unserer Orangenbl\u00fcten biologischen Ursprungs mit einem feinen und fruchtigen Geschmack.<br \/>\nDieses Naturprodukt ist reich an Vitaminen, Mineralien (Kalzium, Mangan, Magnesium, Kalium, Natrium und Zink) und wertvollen Enzymen. Dabei profitieren Sie nat\u00fcrlich auch von den antiseptischen und entz\u00fcndungshemmenden Eigenschaften dieses Naturprodukts sowie von einer positiven Beeinflussung der<br \/>\nVerdauung.<\/p>\n<p>&nbsp;<\/p>\n","protected":false},"excerpt":{"rendered":"<p>BERGHONIG : \u00a0BIO-ORANGENBL\u00dcTENHONIG 100% BIO-ORANGENBL\u00dcTENHONIG Unser BERGHONIG ist ein reiner Sortenhonig aus dem Nektar unserer Orangenbl\u00fcten biologischen Ursprungs mit einem feinen und fruchtigen Geschmack. Dieses Naturprodukt ist reich an Vitaminen, Mineralien (Kalzium, Mangan, Magnesium, Kalium, Natrium und Zink) und wertvollen Enzymen. Dabei profitieren Sie nat\u00fcrlich auch von den antiseptischen und entz\u00fcndungshemmenden Eigenschaften dieses Naturprodukts sowie [&hellip;]<\/p>\n","protected":false},"featured_media":10960,"template":"","meta":[],"product_cat":[618,883],"product_tag":[],"_links":{"self":[{"href":"https:\/\/ecologicalfarming.ma\/index.php?rest_route=\/wp\/v2\/product\/10972"}],"collection":[{"href":"https:\/\/ecologicalfarming.ma\/index.php?rest_route=\/wp\/v2\/product"}],"about":[{"href":"https:\/\/ecologicalfarming.ma\/index.php?rest_route=\/wp\/v2\/types\/product"}],"wp:featuredmedia":[{"embeddable":true,"href":"https:\/\/ecologicalfarming.ma\/index.php?rest_route=\/wp\/v2\/media\/10960"}],"wp:attachment":[{"href":"https:\/\/ecologicalfarming.ma\/index.php?rest_route=%2Fwp%2Fv2%2Fmedia&parent=10972"}],"wp:term":[{"taxonomy":"product_cat","embeddable":true,"href":"https:\/\/ecologicalfarming.ma\/index.php?rest_route=%2Fwp%2Fv2%2Fproduct_cat&post=10972"},{"taxonomy":"product_tag","embeddable":true,"href":"https:\/\/ecologicalfarming.ma\/index.php?rest_route=%2Fwp%2Fv2%2Fproduct_tag&post=10972"}],"curies":[{"name":"wp","href":"https:\/\/api.w.org\/{rel}","templated":true}]}}