{"id":10801,"date":"2021-09-23T07:02:18","date_gmt":"2021-09-23T07:02:18","guid":{"rendered":"https:\/\/ecologicalfarming.ma\/?post_type=product&#038;p=10801"},"modified":"2021-09-23T07:53:27","modified_gmt":"2021-09-23T07:53:27","slug":"naturseife-naturliche-tonedre","status":"publish","type":"product","link":"https:\/\/ecologicalfarming.ma\/?product=naturseife-naturliche-tonedre","title":{"rendered":"<span style=\"color: #470796;\"><p>NATURSEIFE 1<\/p><\/span> <span style=\"color: #ff00a6;\"><p>NAT\u00dcRLICHE TONERDE<\/span><\/p> <span style=\"color: #944a4f;\">Gewicht: 100Gr<\/span>"},"content":{"rendered":"<p><span style=\"color: #470796;\">NATURSEIFE 1 :<\/span> <span style=\"color: #fb068b;\">NAT\u00dcRLICHE TONERDE<\/span><\/p>\n<ul>\n<li>100 % NAT\u00dcRLICHE TONERDE<\/li>\n<li>KR\u00c4UTER UND HEILPFLANZEN<\/li>\n<\/ul>\n<p>\u2666 OHNE PARAFFINE<br \/>\n\u2666 OHNE PARABENE<br \/>\n\u2666 OHNE SILIKATE<\/p>\n<p>Unsere <span style=\"color: #470796;\">NATURSEIFE 1<\/span> in Pulverform ist ein frisch auf Bestellung handgefertigte Kreation von<span style=\"color: #fb068b;\"><span style=\"color: #333333;\"> h\u00f6chster Qualit\u00e4t auf Basis von<\/span> nat\u00fcrlicher Tonerde, Kr\u00e4utern und Heilpflanzen biologischen Ursprungs <\/span>\u00a0ohne Paraffine, Parabene, Silikate und Konservierungsstoffe. Diese Naturseife reinigt und spendet Feuchtigkeit und eignet sich f\u00fcr eine nachhaltige Pflege aller Hauttypen.<br \/>\nDabei profitieren Sie nat\u00fcrlich auch von einer porentiefen Reinigung Ihrer Haut und einer sp\u00fcrbaren Wirkung gegen Hautausschlag.<\/p>\n","protected":false},"excerpt":{"rendered":"<p>NATURSEIFE 1 : NAT\u00dcRLICHE TONERDE 100 % NAT\u00dcRLICHE TONERDE KR\u00c4UTER UND HEILPFLANZEN \u2666 OHNE PARAFFINE \u2666 OHNE PARABENE \u2666 OHNE SILIKATE Unsere NATURSEIFE 1 in Pulverform ist ein frisch auf Bestellung handgefertigte Kreation von h\u00f6chster Qualit\u00e4t auf Basis von nat\u00fcrlicher Tonerde, Kr\u00e4utern und Heilpflanzen biologischen Ursprungs \u00a0ohne Paraffine, Parabene, Silikate und Konservierungsstoffe. Diese Naturseife reinigt [&hellip;]<\/p>\n","protected":false},"featured_media":10712,"template":"","meta":[],"product_cat":[744,879,612],"product_tag":[],"_links":{"self":[{"href":"https:\/\/ecologicalfarming.ma\/index.php?rest_route=\/wp\/v2\/product\/10801"}],"collection":[{"href":"https:\/\/ecologicalfarming.ma\/index.php?rest_route=\/wp\/v2\/product"}],"about":[{"href":"https:\/\/ecologicalfarming.ma\/index.php?rest_route=\/wp\/v2\/types\/product"}],"wp:featuredmedia":[{"embeddable":true,"href":"https:\/\/ecologicalfarming.ma\/index.php?rest_route=\/wp\/v2\/media\/10712"}],"wp:attachment":[{"href":"https:\/\/ecologicalfarming.ma\/index.php?rest_route=%2Fwp%2Fv2%2Fmedia&parent=10801"}],"wp:term":[{"taxonomy":"product_cat","embeddable":true,"href":"https:\/\/ecologicalfarming.ma\/index.php?rest_route=%2Fwp%2Fv2%2Fproduct_cat&post=10801"},{"taxonomy":"product_tag","embeddable":true,"href":"https:\/\/ecologicalfarming.ma\/index.php?rest_route=%2Fwp%2Fv2%2Fproduct_tag&post=10801"}],"curies":[{"name":"wp","href":"https:\/\/api.w.org\/{rel}","templated":true}]}}