{"id":10772,"date":"2021-09-12T19:31:17","date_gmt":"2021-09-12T19:31:17","guid":{"rendered":"https:\/\/ecologicalfarming.ma\/?post_type=product&#038;p=10772"},"modified":"2021-09-12T22:42:30","modified_gmt":"2021-09-12T22:42:30","slug":"hoechster-qualitaet-basis-bio-olivenoel","status":"publish","type":"product","link":"https:\/\/ecologicalfarming.ma\/?product=hoechster-qualitaet-basis-bio-olivenoel","title":{"rendered":"<span style=\"color: #470796;\"><p>SAVON BALDI 3 <\/p><\/span> <span style=\"color: #ff00a6;\"><p>OLIVEN\u00d6L<\/span><\/p> <span style=\"color: #944a4f;\">Gewicht : 200Gr<\/span>"},"content":{"rendered":"<p><span style=\"color: #470796;\">SAVON BALDI 1<\/span><span style=\"color: #470796;\">\u00a0:<\/span> <span style=\"color: #fb068b;\">OLIVEN\u00d6L<br \/>\n<\/span><\/p>\n<p>\u2666 BIO-OLIVEN\u00d6L<\/p>\n<ul>\n<li style=\"list-style-type: none;\">\n<ul>\n<li style=\"list-style-type: none;\">\n<ul>\n<li>OHNE PARAFFINE<\/li>\n<li>OHNE PARABENE<\/li>\n<li>OHNE SILIKATE<\/li>\n<\/ul>\n<\/li>\n<\/ul>\n<\/li>\n<\/ul>\n<p>Unsere Naturseife <span style=\"color: #470796;\">SAVON BALDI <\/span>ist ein frisch auf Bestellung handgefertigte Kreation von <span style=\"color: #fb068b;\">h\u00f6chster Qualit\u00e4t auf Basis von BIO-Oliven\u00f6l <\/span>ohne Sulfate, Silikate und Konservierungsstoffe.<br \/>\nDiese Naturseife versorgt Ihre Haut mit vitalen N\u00e4hrstoffen und Feuchtigkeit.<br \/>\nDabei profitieren Sie nat\u00fcrlich auch von den sch\u00fctzenden und antioxidativen Eigenschaften des Oliven\u00f6ls.<\/p>\n","protected":false},"excerpt":{"rendered":"<p>SAVON BALDI 1\u00a0: OLIVEN\u00d6L \u2666 BIO-OLIVEN\u00d6L OHNE PARAFFINE OHNE PARABENE OHNE SILIKATE Unsere Naturseife SAVON BALDI ist ein frisch auf Bestellung handgefertigte Kreation von h\u00f6chster Qualit\u00e4t auf Basis von BIO-Oliven\u00f6l ohne Sulfate, Silikate und Konservierungsstoffe. Diese Naturseife versorgt Ihre Haut mit vitalen N\u00e4hrstoffen und Feuchtigkeit. Dabei profitieren Sie nat\u00fcrlich auch von den sch\u00fctzenden und antioxidativen [&hellip;]<\/p>\n","protected":false},"featured_media":10725,"template":"","meta":[],"product_cat":[878],"product_tag":[],"_links":{"self":[{"href":"https:\/\/ecologicalfarming.ma\/index.php?rest_route=\/wp\/v2\/product\/10772"}],"collection":[{"href":"https:\/\/ecologicalfarming.ma\/index.php?rest_route=\/wp\/v2\/product"}],"about":[{"href":"https:\/\/ecologicalfarming.ma\/index.php?rest_route=\/wp\/v2\/types\/product"}],"wp:featuredmedia":[{"embeddable":true,"href":"https:\/\/ecologicalfarming.ma\/index.php?rest_route=\/wp\/v2\/media\/10725"}],"wp:attachment":[{"href":"https:\/\/ecologicalfarming.ma\/index.php?rest_route=%2Fwp%2Fv2%2Fmedia&parent=10772"}],"wp:term":[{"taxonomy":"product_cat","embeddable":true,"href":"https:\/\/ecologicalfarming.ma\/index.php?rest_route=%2Fwp%2Fv2%2Fproduct_cat&post=10772"},{"taxonomy":"product_tag","embeddable":true,"href":"https:\/\/ecologicalfarming.ma\/index.php?rest_route=%2Fwp%2Fv2%2Fproduct_tag&post=10772"}],"curies":[{"name":"wp","href":"https:\/\/api.w.org\/{rel}","templated":true}]}}