{"id":10771,"date":"2021-09-12T19:31:00","date_gmt":"2021-09-12T19:31:00","guid":{"rendered":"https:\/\/ecologicalfarming.ma\/?post_type=product&#038;p=10771"},"modified":"2021-09-12T22:04:59","modified_gmt":"2021-09-12T22:04:59","slug":"bio-olivenoel-naturreinem-aetherischen-oel-vom-eukalyptus","status":"publish","type":"product","link":"https:\/\/ecologicalfarming.ma\/?product=bio-olivenoel-naturreinem-aetherischen-oel-vom-eukalyptus","title":{"rendered":"<span style=\"color: #470796;\"><p>SAVON BALDI 2 <\/p><\/span> <span style=\"color: #ff00a6;\"><p>OLIVEN\u00d6L &#038; EUKALYPTUS <\/span><\/p> <span style=\"color: #944a4f;\">Gewicht : 200Gr<\/span>"},"content":{"rendered":"<p><span style=\"color: #470796;\">SAVON BALDI 2 <\/span><span style=\"color: #470796;\">:<\/span> <span style=\"color: #fb068b;\">OLIVEN\u00d6L &amp; EUKALYPTUS-\u00c4THERISCHE \u00d6L <\/span><\/p>\n<p>\u2666 BIO-OLIVEN\u00d6L<br \/>\n\u2666 NATURREINES EUKALYPTUS-\u00c4THERISCHES \u00d6L<\/p>\n<ul>\n<li style=\"list-style-type: none;\">\n<ul>\n<li style=\"list-style-type: none;\">\n<ul>\n<li>SANS PARAFFINES<\/li>\n<li>SANS PARAB\u00c8NES<\/li>\n<li>SANS SILICATES<\/li>\n<\/ul>\n<\/li>\n<\/ul>\n<\/li>\n<\/ul>\n<p>Unsere Naturseife <span style=\"color: #470796;\">SAVON BALDI <\/span>ist ein frisch auf Bestellung handgefertigte Kreation von h\u00f6chster Qualit\u00e4t auf Basis von <span style=\"color: #fb068b;\">BIO-Oliven\u00f6l und naturreinem \u00e4therischen \u00d6l vom Eukalyptus <\/span>ohne Paraffine, Parabene, Silikate und Konservierungsstoffe.<br \/>\nDiese Naturseife versorgt Ihre Haut mit vitalen N\u00e4hrstoffen und Feuchtigkeit.<br \/>\nDabei profitieren Sie nat\u00fcrlich auch von den sch\u00fctzenden und antioxidativen Eigenschaften des Oliven\u00f6ls und der wohltuenden Wirkung unseres naturreinen \u00e4therischen \u00d6ls vom Eukalyptus.<\/p>\n<p>&nbsp;<\/p>\n","protected":false},"excerpt":{"rendered":"<p>SAVON BALDI 2 : OLIVEN\u00d6L &amp; EUKALYPTUS-\u00c4THERISCHE \u00d6L \u2666 BIO-OLIVEN\u00d6L \u2666 NATURREINES EUKALYPTUS-\u00c4THERISCHES \u00d6L SANS PARAFFINES SANS PARAB\u00c8NES SANS SILICATES Unsere Naturseife SAVON BALDI ist ein frisch auf Bestellung handgefertigte Kreation von h\u00f6chster Qualit\u00e4t auf Basis von BIO-Oliven\u00f6l und naturreinem \u00e4therischen \u00d6l vom Eukalyptus ohne Paraffine, Parabene, Silikate und Konservierungsstoffe. Diese Naturseife versorgt Ihre Haut [&hellip;]<\/p>\n","protected":false},"featured_media":10728,"template":"","meta":[],"product_cat":[878],"product_tag":[],"_links":{"self":[{"href":"https:\/\/ecologicalfarming.ma\/index.php?rest_route=\/wp\/v2\/product\/10771"}],"collection":[{"href":"https:\/\/ecologicalfarming.ma\/index.php?rest_route=\/wp\/v2\/product"}],"about":[{"href":"https:\/\/ecologicalfarming.ma\/index.php?rest_route=\/wp\/v2\/types\/product"}],"wp:featuredmedia":[{"embeddable":true,"href":"https:\/\/ecologicalfarming.ma\/index.php?rest_route=\/wp\/v2\/media\/10728"}],"wp:attachment":[{"href":"https:\/\/ecologicalfarming.ma\/index.php?rest_route=%2Fwp%2Fv2%2Fmedia&parent=10771"}],"wp:term":[{"taxonomy":"product_cat","embeddable":true,"href":"https:\/\/ecologicalfarming.ma\/index.php?rest_route=%2Fwp%2Fv2%2Fproduct_cat&post=10771"},{"taxonomy":"product_tag","embeddable":true,"href":"https:\/\/ecologicalfarming.ma\/index.php?rest_route=%2Fwp%2Fv2%2Fproduct_tag&post=10771"}],"curies":[{"name":"wp","href":"https:\/\/api.w.org\/{rel}","templated":true}]}}