{"id":10745,"date":"2021-09-10T20:52:41","date_gmt":"2021-09-10T20:52:41","guid":{"rendered":"https:\/\/ecologicalfarming.ma\/?post_type=product&#038;p=10745"},"modified":"2021-09-12T22:40:17","modified_gmt":"2021-09-12T22:40:17","slug":"hoechster-qualitaet-basis-bio-rosenoel-bio-rosenblueten","status":"publish","type":"product","link":"https:\/\/ecologicalfarming.ma\/?product=hoechster-qualitaet-basis-bio-rosenoel-bio-rosenblueten","title":{"rendered":"<span style=\"color: #470796;\"><p>SAVON BALDI 1 <\/p><\/span> <span style=\"color: #ff00a6;\"><p>ROSENBL\u00dcTEN<\/span><\/p> <span style=\"color: #944a4f;\">Gewicht : 100Gr<\/span>"},"content":{"rendered":"<p><span style=\"color: #470796;\">SAVON BALDI 1<\/span><span style=\"color: #470796;\">\u00a0:<\/span> <span style=\"color: #fb068b;\">ROSEN\u00d6L &amp; ROSENBL\u00dcTEN <\/span><\/p>\n<p>\u2666 BIO-ROSEN\u00d6L<br \/>\n\u2666 BIO-ROSENBL\u00dcTEN<\/p>\n<ul>\n<li style=\"list-style-type: none;\">\n<ul>\n<li style=\"list-style-type: none;\">\n<ul>\n<li>OHNE PARAFFINE<\/li>\n<li>OHNE PARABENE<\/li>\n<li>OHNE SILIKATE<\/li>\n<\/ul>\n<\/li>\n<\/ul>\n<\/li>\n<\/ul>\n<p>Unsere Naturseife <span style=\"color: #470796;\">SAVON BALDI <\/span>ist ein frisch auf Bestellung handgefertigte Kreation von <span style=\"color: #fb068b;\">h\u00f6chster Qualit\u00e4t auf Basis von BIO-Rosen\u00f6l und BIO-Rosenbl\u00fcten <\/span>ohne Sulfate, Silikate und Konservierungsstoffe.<br \/>\nDiese Naturseife versorgt Ihre Haut mit vitalen N\u00e4hrstoffen und Feuchtigkeit.<br \/>\nDabei profitieren Sienat\u00fcrlich auch von einer sp\u00fcrbaren Wirkung gegen gereizte oder trockene Haut und den exzellenten revitalisierenden Eigenschaften des Rosenbl\u00fcten\u00f6ls.<\/p>\n","protected":false},"excerpt":{"rendered":"<p>SAVON BALDI 1\u00a0: ROSEN\u00d6L &amp; ROSENBL\u00dcTEN \u2666 BIO-ROSEN\u00d6L \u2666 BIO-ROSENBL\u00dcTEN OHNE PARAFFINE OHNE PARABENE OHNE SILIKATE Unsere Naturseife SAVON BALDI ist ein frisch auf Bestellung handgefertigte Kreation von h\u00f6chster Qualit\u00e4t auf Basis von BIO-Rosen\u00f6l und BIO-Rosenbl\u00fcten ohne Sulfate, Silikate und Konservierungsstoffe. Diese Naturseife versorgt Ihre Haut mit vitalen N\u00e4hrstoffen und Feuchtigkeit. Dabei profitieren Sienat\u00fcrlich auch [&hellip;]<\/p>\n","protected":false},"featured_media":10719,"template":"","meta":[],"product_cat":[878],"product_tag":[],"_links":{"self":[{"href":"https:\/\/ecologicalfarming.ma\/index.php?rest_route=\/wp\/v2\/product\/10745"}],"collection":[{"href":"https:\/\/ecologicalfarming.ma\/index.php?rest_route=\/wp\/v2\/product"}],"about":[{"href":"https:\/\/ecologicalfarming.ma\/index.php?rest_route=\/wp\/v2\/types\/product"}],"wp:featuredmedia":[{"embeddable":true,"href":"https:\/\/ecologicalfarming.ma\/index.php?rest_route=\/wp\/v2\/media\/10719"}],"wp:attachment":[{"href":"https:\/\/ecologicalfarming.ma\/index.php?rest_route=%2Fwp%2Fv2%2Fmedia&parent=10745"}],"wp:term":[{"taxonomy":"product_cat","embeddable":true,"href":"https:\/\/ecologicalfarming.ma\/index.php?rest_route=%2Fwp%2Fv2%2Fproduct_cat&post=10745"},{"taxonomy":"product_tag","embeddable":true,"href":"https:\/\/ecologicalfarming.ma\/index.php?rest_route=%2Fwp%2Fv2%2Fproduct_tag&post=10745"}],"curies":[{"name":"wp","href":"https:\/\/api.w.org\/{rel}","templated":true}]}}