{"id":10744,"date":"2021-09-09T23:13:56","date_gmt":"2021-09-09T23:13:56","guid":{"rendered":"https:\/\/ecologicalfarming.ma\/?post_type=product&#038;p=10744"},"modified":"2022-05-17T21:18:08","modified_gmt":"2022-05-17T21:18:08","slug":"savon-baldi-5-eucalyptus-bio","status":"publish","type":"product","link":"https:\/\/ecologicalfarming.ma\/?product=savon-baldi-5-eucalyptus-bio","title":{"rendered":"<span style=\"color: #470796;\"><p>SAVON BALDI 5 <\/p><\/span> <span style=\"color: #ff00a6;\"><p>EUCALYPTUS BIO <\/span><\/p> <span style=\"color: #944a4f;\">Poids : 100Gr<\/span>"},"content":{"rendered":"<p><span style=\"color: #470796;\">SAVON BALDI 5 <\/span><span style=\"color: #470796;\">:<\/span> <span style=\"color: #fb068b;\">EUCALYPTUS BIO<\/span><\/p>\n<p>\u2666 EUCALYPTUS BIO<br \/>\n\u2666 HUILE ESSENTIELLE D\u2019EUCALYPTUS<\/p>\n<ul>\n<li style=\"list-style-type: none;\">\n<ul>\n<li style=\"list-style-type: none;\">\n<ul>\n<li>SANS PARAFFINES<\/li>\n<li>SANS PARAB\u00c8NES<\/li>\n<li>SANS SILICATES<\/li>\n<\/ul>\n<\/li>\n<\/ul>\n<\/li>\n<\/ul>\n<p>Notre savon naturel <span style=\"color: #470796;\">SAVON BALDI <\/span>\u00e0 base <span style=\"color: #fb068b;\">d\u2019eucalyptus BIO <\/span>est fra\u00eechement produit sur commande sans paraffines, sans parab\u00e8nes, sans silicates et sans aditifs ni conservateurs.<br \/>\nCe savon purement naturel approvisionne votre peau en \u00e9l\u00e9ments nutritifs essentiels et en humidit\u00e9. Vous profitez aussi d\u2019une odeur fra\u00eeche et accueillante et d\u2019un effet d\u00e9sinfectant remarquable de l\u2019eucalyptus permettant de<br \/>\nmaintenir une bonne hygi\u00e8ne de votre corps.<\/p>\n<p>&nbsp;<\/p>\n","protected":false},"excerpt":{"rendered":"<p>SAVON BALDI 5 : EUCALYPTUS BIO \u2666 EUCALYPTUS BIO \u2666 HUILE ESSENTIELLE D\u2019EUCALYPTUS SANS PARAFFINES SANS PARAB\u00c8NES SANS SILICATES Notre savon naturel SAVON BALDI \u00e0 base d\u2019eucalyptus BIO est fra\u00eechement produit sur commande sans paraffines, sans parab\u00e8nes, sans silicates et sans aditifs ni conservateurs. Ce savon purement naturel approvisionne votre peau en \u00e9l\u00e9ments nutritifs essentiels [&hellip;]<\/p>\n","protected":false},"featured_media":10737,"template":"","meta":[],"product_cat":[40,490,759],"product_tag":[],"_links":{"self":[{"href":"https:\/\/ecologicalfarming.ma\/index.php?rest_route=\/wp\/v2\/product\/10744"}],"collection":[{"href":"https:\/\/ecologicalfarming.ma\/index.php?rest_route=\/wp\/v2\/product"}],"about":[{"href":"https:\/\/ecologicalfarming.ma\/index.php?rest_route=\/wp\/v2\/types\/product"}],"wp:featuredmedia":[{"embeddable":true,"href":"https:\/\/ecologicalfarming.ma\/index.php?rest_route=\/wp\/v2\/media\/10737"}],"wp:attachment":[{"href":"https:\/\/ecologicalfarming.ma\/index.php?rest_route=%2Fwp%2Fv2%2Fmedia&parent=10744"}],"wp:term":[{"taxonomy":"product_cat","embeddable":true,"href":"https:\/\/ecologicalfarming.ma\/index.php?rest_route=%2Fwp%2Fv2%2Fproduct_cat&post=10744"},{"taxonomy":"product_tag","embeddable":true,"href":"https:\/\/ecologicalfarming.ma\/index.php?rest_route=%2Fwp%2Fv2%2Fproduct_tag&post=10744"}],"curies":[{"name":"wp","href":"https:\/\/api.w.org\/{rel}","templated":true}]}}